{"id":124,"date":"2021-11-24T11:09:05","date_gmt":"2021-11-24T11:09:05","guid":{"rendered":"https:\/\/setogiid.ee\/?page_id=124"},"modified":"2024-10-02T12:22:55","modified_gmt":"2024-10-02T12:22:55","slug":"luhamaa-nulk","status":"publish","type":"page","link":"https:\/\/setogiid.ee\/en\/vaigokene-setomaa\/luhamaa-nulk\/","title":{"rendered":"Luhamaa nulk"},"content":{"rendered":"<div data-elementor-type=\"wp-page\" data-elementor-id=\"124\" class=\"elementor elementor-124\">\n\t\t\t\t\t\t<section class=\"elementor-section elementor-top-section elementor-element elementor-element-3d165591 elementor-section-boxed elementor-section-height-default elementor-section-height-default\" data-id=\"3d165591\" data-element_type=\"section\">\n\t\t\t\t\t\t<div class=\"elementor-container elementor-column-gap-default\">\n\t\t\t\t\t<div class=\"elementor-column elementor-col-100 elementor-top-column elementor-element elementor-element-761c7d58\" data-id=\"761c7d58\" data-element_type=\"column\">\n\t\t\t<div class=\"elementor-widget-wrap elementor-element-populated\">\n\t\t\t\t\t\t<div class=\"elementor-element elementor-element-41ae34b3 elementor-widget elementor-widget-text-editor\" data-id=\"41ae34b3\" data-element_type=\"widget\" data-widget_type=\"text-editor.default\">\n\t\t\t\t<div class=\"elementor-widget-container\">\n\t\t\t\t\t\t\t<h4><strong>\u00dcldiseloomustus<\/strong><\/h4><p>Luhamaa nulk on Setomaa k\u00f5ige l\u00f5unapoolsem osa. Kui k\u00f5igil teistel 11 Setomaa nulgal on moel v\u00f5i teisel \u00fchised piirid, siis Luhamaa asub teistest eraldi. Paiknemine Haanja k\u00f5rgustikul annab maastikule k\u00fcnkliku ilme. Omap\u00e4raks on rohked heinamaad \u2013 luhad.<\/p><p>Piirid sellisel kujul, kuidas inimesed neid tajuvad, pole loodusele omased. Looduse paremaks m\u00e4\u00e4ratlemiseks on inimesed leiutanud m\u00f5iste \u201eloodusliku leviku piir\u201c. Ehkki see pole mitte kunagi noolsirge nagu inimeste seatud piirid, on loodusel sellest s\u00fcgavalt \u00fcksk\u00f5ik. Loodus toimib oma reeglite alusel.<\/p><h4><strong>P\u00e4rimus<\/strong><\/h4><p><em>\u201cKurjad kui Luhamaa parmud\u201d <\/em><\/p>\t\t\t\t\t\t<\/div>\n\t\t\t\t<\/div>\n\t\t\t\t\t<\/div>\n\t\t<\/div>\n\t\t\t\t\t<\/div>\n\t\t<\/section>\n\t\t\t\t<\/div>","protected":false},"excerpt":{"rendered":"<p>\u00dcldiseloomustus Luhamaa nulk on Setomaa k\u00f5ige l\u00f5unapoolsem osa. Kui k\u00f5igil teistel 11 Setomaa nulgal on [&hellip;]<\/p>\n","protected":false},"author":1,"featured_media":0,"parent":34,"menu_order":0,"comment_status":"closed","ping_status":"closed","template":"","meta":{"footnotes":""},"class_list":["post-124","page","type-page","status-publish","hentry","entry","grid"],"yoast_head":"<!-- This site is optimized with the Yoast SEO plugin v27.5 - https:\/\/yoast.com\/product\/yoast-seo-wordpress\/ -->\n<title>Luhamaa nulk - Setogiid<\/title>\n<meta name=\"robots\" content=\"index, follow, max-snippet:-1, max-image-preview:large, max-video-preview:-1\" \/>\n<link rel=\"canonical\" href=\"https:\/\/setogiid.ee\/en\/vaigokene-setomaa\/luhamaa-nulk\/\" \/>\n<meta property=\"og:locale\" content=\"en_GB\" \/>\n<meta property=\"og:type\" content=\"article\" \/>\n<meta property=\"og:title\" content=\"Luhamaa nulk - Setogiid\" \/>\n<meta property=\"og:description\" content=\"\u00dcldiseloomustus Luhamaa nulk on Setomaa k\u00f5ige l\u00f5unapoolsem osa. Kui k\u00f5igil teistel 11 Setomaa nulgal on [&hellip;]\" \/>\n<meta property=\"og:url\" content=\"https:\/\/setogiid.ee\/en\/vaigokene-setomaa\/luhamaa-nulk\/\" \/>\n<meta property=\"og:site_name\" content=\"Setogiid\" \/>\n<meta property=\"article:modified_time\" content=\"2024-10-02T12:22:55+00:00\" \/>\n<meta name=\"twitter:card\" content=\"summary_large_image\" \/>\n<meta name=\"twitter:label1\" content=\"Estimated reading time\" \/>\n\t<meta name=\"twitter:data1\" content=\"1 minute\" \/>\n<script type=\"application\/ld+json\" class=\"yoast-schema-graph\">{\"@context\":\"https:\\\/\\\/schema.org\",\"@graph\":[{\"@type\":\"WebPage\",\"@id\":\"https:\\\/\\\/setogiid.ee\\\/vaigokene-setomaa\\\/luhamaa-nulk\\\/\",\"url\":\"https:\\\/\\\/setogiid.ee\\\/vaigokene-setomaa\\\/luhamaa-nulk\\\/\",\"name\":\"Luhamaa nulk - Setogiid\",\"isPartOf\":{\"@id\":\"https:\\\/\\\/setogiid.ee\\\/#website\"},\"datePublished\":\"2021-11-24T11:09:05+00:00\",\"dateModified\":\"2024-10-02T12:22:55+00:00\",\"breadcrumb\":{\"@id\":\"https:\\\/\\\/setogiid.ee\\\/vaigokene-setomaa\\\/luhamaa-nulk\\\/#breadcrumb\"},\"inLanguage\":\"en-GB\",\"potentialAction\":[{\"@type\":\"ReadAction\",\"target\":[\"https:\\\/\\\/setogiid.ee\\\/vaigokene-setomaa\\\/luhamaa-nulk\\\/\"]}]},{\"@type\":\"BreadcrumbList\",\"@id\":\"https:\\\/\\\/setogiid.ee\\\/vaigokene-setomaa\\\/luhamaa-nulk\\\/#breadcrumb\",\"itemListElement\":[{\"@type\":\"ListItem\",\"position\":1,\"name\":\"Home\",\"item\":\"https:\\\/\\\/setogiid.ee\\\/\"},{\"@type\":\"ListItem\",\"position\":2,\"name\":\"V\u00e4igokene Setomaa\",\"item\":\"https:\\\/\\\/setogiid.ee\\\/en\\\/vaigokene-setomaa\\\/\"},{\"@type\":\"ListItem\",\"position\":3,\"name\":\"Luhamaa nulk\"}]},{\"@type\":\"WebSite\",\"@id\":\"https:\\\/\\\/setogiid.ee\\\/#website\",\"url\":\"https:\\\/\\\/setogiid.ee\\\/\",\"name\":\"Setogiid\",\"description\":\"Sinu teejuht Setomaal\",\"publisher\":{\"@id\":\"https:\\\/\\\/setogiid.ee\\\/#organization\"},\"potentialAction\":[{\"@type\":\"SearchAction\",\"target\":{\"@type\":\"EntryPoint\",\"urlTemplate\":\"https:\\\/\\\/setogiid.ee\\\/?s={search_term_string}\"},\"query-input\":{\"@type\":\"PropertyValueSpecification\",\"valueRequired\":true,\"valueName\":\"search_term_string\"}}],\"inLanguage\":\"en-GB\"},{\"@type\":\"Organization\",\"@id\":\"https:\\\/\\\/setogiid.ee\\\/#organization\",\"name\":\"Setogiid\",\"url\":\"https:\\\/\\\/setogiid.ee\\\/\",\"logo\":{\"@type\":\"ImageObject\",\"inLanguage\":\"en-GB\",\"@id\":\"https:\\\/\\\/setogiid.ee\\\/#\\\/schema\\\/logo\\\/image\\\/\",\"url\":\"https:\\\/\\\/setogiid.ee\\\/wp-content\\\/uploads\\\/2023\\\/12\\\/cropped-pisi-01.png\",\"contentUrl\":\"https:\\\/\\\/setogiid.ee\\\/wp-content\\\/uploads\\\/2023\\\/12\\\/cropped-pisi-01.png\",\"width\":120,\"height\":120,\"caption\":\"Setogiid\"},\"image\":{\"@id\":\"https:\\\/\\\/setogiid.ee\\\/#\\\/schema\\\/logo\\\/image\\\/\"}}]}<\/script>\n<!-- \/ Yoast SEO plugin. -->","yoast_head_json":{"title":"Luhamaa nulk - Setogiid","robots":{"index":"index","follow":"follow","max-snippet":"max-snippet:-1","max-image-preview":"max-image-preview:large","max-video-preview":"max-video-preview:-1"},"canonical":"https:\/\/setogiid.ee\/en\/vaigokene-setomaa\/luhamaa-nulk\/","og_locale":"en_GB","og_type":"article","og_title":"Luhamaa nulk - Setogiid","og_description":"\u00dcldiseloomustus Luhamaa nulk on Setomaa k\u00f5ige l\u00f5unapoolsem osa. Kui k\u00f5igil teistel 11 Setomaa nulgal on [&hellip;]","og_url":"https:\/\/setogiid.ee\/en\/vaigokene-setomaa\/luhamaa-nulk\/","og_site_name":"Setogiid","article_modified_time":"2024-10-02T12:22:55+00:00","twitter_card":"summary_large_image","twitter_misc":{"Estimated reading time":"1 minute"},"schema":{"@context":"https:\/\/schema.org","@graph":[{"@type":"WebPage","@id":"https:\/\/setogiid.ee\/vaigokene-setomaa\/luhamaa-nulk\/","url":"https:\/\/setogiid.ee\/vaigokene-setomaa\/luhamaa-nulk\/","name":"Luhamaa nulk - Setogiid","isPartOf":{"@id":"https:\/\/setogiid.ee\/#website"},"datePublished":"2021-11-24T11:09:05+00:00","dateModified":"2024-10-02T12:22:55+00:00","breadcrumb":{"@id":"https:\/\/setogiid.ee\/vaigokene-setomaa\/luhamaa-nulk\/#breadcrumb"},"inLanguage":"en-GB","potentialAction":[{"@type":"ReadAction","target":["https:\/\/setogiid.ee\/vaigokene-setomaa\/luhamaa-nulk\/"]}]},{"@type":"BreadcrumbList","@id":"https:\/\/setogiid.ee\/vaigokene-setomaa\/luhamaa-nulk\/#breadcrumb","itemListElement":[{"@type":"ListItem","position":1,"name":"Home","item":"https:\/\/setogiid.ee\/"},{"@type":"ListItem","position":2,"name":"V\u00e4igokene Setomaa","item":"https:\/\/setogiid.ee\/en\/vaigokene-setomaa\/"},{"@type":"ListItem","position":3,"name":"Luhamaa nulk"}]},{"@type":"WebSite","@id":"https:\/\/setogiid.ee\/#website","url":"https:\/\/setogiid.ee\/","name":"Setogiid","description":"Your Guide in Setomaa","publisher":{"@id":"https:\/\/setogiid.ee\/#organization"},"potentialAction":[{"@type":"SearchAction","target":{"@type":"EntryPoint","urlTemplate":"https:\/\/setogiid.ee\/?s={search_term_string}"},"query-input":{"@type":"PropertyValueSpecification","valueRequired":true,"valueName":"search_term_string"}}],"inLanguage":"en-GB"},{"@type":"Organization","@id":"https:\/\/setogiid.ee\/#organization","name":"Setogiid","url":"https:\/\/setogiid.ee\/","logo":{"@type":"ImageObject","inLanguage":"en-GB","@id":"https:\/\/setogiid.ee\/#\/schema\/logo\/image\/","url":"https:\/\/setogiid.ee\/wp-content\/uploads\/2023\/12\/cropped-pisi-01.png","contentUrl":"https:\/\/setogiid.ee\/wp-content\/uploads\/2023\/12\/cropped-pisi-01.png","width":120,"height":120,"caption":"Setogiid"},"image":{"@id":"https:\/\/setogiid.ee\/#\/schema\/logo\/image\/"}}]}},"_links":{"self":[{"href":"https:\/\/setogiid.ee\/en\/wp-json\/wp\/v2\/pages\/124","targetHints":{"allow":["GET"]}}],"collection":[{"href":"https:\/\/setogiid.ee\/en\/wp-json\/wp\/v2\/pages"}],"about":[{"href":"https:\/\/setogiid.ee\/en\/wp-json\/wp\/v2\/types\/page"}],"author":[{"embeddable":true,"href":"https:\/\/setogiid.ee\/en\/wp-json\/wp\/v2\/users\/1"}],"replies":[{"embeddable":true,"href":"https:\/\/setogiid.ee\/en\/wp-json\/wp\/v2\/comments?post=124"}],"version-history":[{"count":5,"href":"https:\/\/setogiid.ee\/en\/wp-json\/wp\/v2\/pages\/124\/revisions"}],"predecessor-version":[{"id":1429,"href":"https:\/\/setogiid.ee\/en\/wp-json\/wp\/v2\/pages\/124\/revisions\/1429"}],"up":[{"embeddable":true,"href":"https:\/\/setogiid.ee\/en\/wp-json\/wp\/v2\/pages\/34"}],"wp:attachment":[{"href":"https:\/\/setogiid.ee\/en\/wp-json\/wp\/v2\/media?parent=124"}],"curies":[{"name":"wp","href":"https:\/\/api.w.org\/{rel}","templated":true}]}}