{"id":129,"date":"2021-11-24T11:12:27","date_gmt":"2021-11-24T11:12:27","guid":{"rendered":"https:\/\/setogiid.ee\/?page_id=129"},"modified":"2024-10-02T12:19:31","modified_gmt":"2024-10-02T12:19:31","slug":"vaaksaare-nulk","status":"publish","type":"page","link":"https:\/\/setogiid.ee\/en\/vaigokene-setomaa\/vaaksaare-nulk\/","title":{"rendered":"Vaaksaare nulk"},"content":{"rendered":"<h4><strong>\u00dcldiseloomustus <\/strong><\/h4>\n<p>Vaaksaare on Setomaa nulkadest v\u00e4ikseim, sopiline, vene ja eesti k\u00fcladega \u00fcmbritsetud nulk. 2014. aasta septembris vahistasid Vene F\u00f6deratsiooni eriteenistuse FSB t\u00f6\u00f6tajad Meeksi l\u00e4hedal Eesti kaitsepolitseiametniku Eston Kohvri.<\/p>\n<p>Eesti Vabariigi ja Vene F\u00f6deratsiooni vaheline piir ei ole ametlik, vaid seda nimetatakse ajutiseks kontrolljooneks. See on oluline vahe, sest seniajani pole Eesti ja Venemaa suutnud piirilepingut s\u00f5lmida. Kahe riigi vaheline ajutine kontrolljoon p\u00fcsib nii juba 30 aastat. Kannatavad setod, kelle ajalooline asuala on kahe riigi vahel eraldi t\u00fckkideks kistud.<\/p>\n<h4>P\u00e4rimus<\/h4>\n<p><em>Sulbi soe\u00b4, Pelsi pini\u00b4, sei ar\u00b4 Vaaksaar\u00f6 vaska.<\/em><\/p>","protected":false},"excerpt":{"rendered":"<p>\u00dcldiseloomustus Vaaksaare on Setomaa nulkadest v\u00e4ikseim, sopiline, vene ja eesti k\u00fcladega \u00fcmbritsetud nulk. 2014. aasta [&hellip;]<\/p>\n","protected":false},"author":1,"featured_media":0,"parent":34,"menu_order":0,"comment_status":"closed","ping_status":"closed","template":"","meta":{"footnotes":""},"class_list":["post-129","page","type-page","status-publish","hentry","entry","grid"],"yoast_head":"<!-- This site is optimized with the Yoast SEO plugin v27.5 - https:\/\/yoast.com\/product\/yoast-seo-wordpress\/ -->\n<title>Vaaksaare nulk - Setogiid<\/title>\n<meta name=\"robots\" content=\"index, follow, max-snippet:-1, max-image-preview:large, max-video-preview:-1\" \/>\n<link rel=\"canonical\" href=\"https:\/\/www.setogiid.ee\/vaigokene-setomaa\/vaaksaare-nulk\/\" \/>\n<meta property=\"og:locale\" content=\"en_GB\" \/>\n<meta property=\"og:type\" content=\"article\" \/>\n<meta property=\"og:title\" content=\"Vaaksaare nulk - Setogiid\" \/>\n<meta property=\"og:description\" content=\"\u00dcldiseloomustus Vaaksaare on Setomaa nulkadest v\u00e4ikseim, sopiline, vene ja eesti k\u00fcladega \u00fcmbritsetud nulk. 2014. aasta [&hellip;]\" \/>\n<meta property=\"og:url\" content=\"https:\/\/www.setogiid.ee\/vaigokene-setomaa\/vaaksaare-nulk\/\" \/>\n<meta property=\"og:site_name\" content=\"Setogiid\" \/>\n<meta property=\"article:modified_time\" content=\"2024-10-02T12:19:31+00:00\" \/>\n<meta name=\"twitter:card\" content=\"summary_large_image\" \/>\n<meta name=\"twitter:label1\" content=\"Estimated reading time\" \/>\n\t<meta name=\"twitter:data1\" content=\"1 minute\" \/>\n<script type=\"application\/ld+json\" class=\"yoast-schema-graph\">{\"@context\":\"https:\\\/\\\/schema.org\",\"@graph\":[{\"@type\":\"WebPage\",\"@id\":\"https:\\\/\\\/www.setogiid.ee\\\/vaigokene-setomaa\\\/vaaksaare-nulk\\\/\",\"url\":\"https:\\\/\\\/www.setogiid.ee\\\/vaigokene-setomaa\\\/vaaksaare-nulk\\\/\",\"name\":\"Vaaksaare nulk - Setogiid\",\"isPartOf\":{\"@id\":\"https:\\\/\\\/setogiid.ee\\\/#website\"},\"datePublished\":\"2021-11-24T11:12:27+00:00\",\"dateModified\":\"2024-10-02T12:19:31+00:00\",\"breadcrumb\":{\"@id\":\"https:\\\/\\\/www.setogiid.ee\\\/vaigokene-setomaa\\\/vaaksaare-nulk\\\/#breadcrumb\"},\"inLanguage\":\"en-GB\",\"potentialAction\":[{\"@type\":\"ReadAction\",\"target\":[\"https:\\\/\\\/www.setogiid.ee\\\/vaigokene-setomaa\\\/vaaksaare-nulk\\\/\"]}]},{\"@type\":\"BreadcrumbList\",\"@id\":\"https:\\\/\\\/www.setogiid.ee\\\/vaigokene-setomaa\\\/vaaksaare-nulk\\\/#breadcrumb\",\"itemListElement\":[{\"@type\":\"ListItem\",\"position\":1,\"name\":\"Home\",\"item\":\"https:\\\/\\\/setogiid.ee\\\/\"},{\"@type\":\"ListItem\",\"position\":2,\"name\":\"V\u00e4igokene Setomaa\",\"item\":\"https:\\\/\\\/www.setogiid.ee\\\/vaigokene-setomaa\\\/\"},{\"@type\":\"ListItem\",\"position\":3,\"name\":\"Vaaksaare nulk\"}]},{\"@type\":\"WebSite\",\"@id\":\"https:\\\/\\\/setogiid.ee\\\/#website\",\"url\":\"https:\\\/\\\/setogiid.ee\\\/\",\"name\":\"Setogiid\",\"description\":\"Sinu teejuht Setomaal\",\"publisher\":{\"@id\":\"https:\\\/\\\/setogiid.ee\\\/#organization\"},\"potentialAction\":[{\"@type\":\"SearchAction\",\"target\":{\"@type\":\"EntryPoint\",\"urlTemplate\":\"https:\\\/\\\/setogiid.ee\\\/?s={search_term_string}\"},\"query-input\":{\"@type\":\"PropertyValueSpecification\",\"valueRequired\":true,\"valueName\":\"search_term_string\"}}],\"inLanguage\":\"en-GB\"},{\"@type\":\"Organization\",\"@id\":\"https:\\\/\\\/setogiid.ee\\\/#organization\",\"name\":\"Setogiid\",\"url\":\"https:\\\/\\\/setogiid.ee\\\/\",\"logo\":{\"@type\":\"ImageObject\",\"inLanguage\":\"en-GB\",\"@id\":\"https:\\\/\\\/setogiid.ee\\\/#\\\/schema\\\/logo\\\/image\\\/\",\"url\":\"https:\\\/\\\/setogiid.ee\\\/wp-content\\\/uploads\\\/2023\\\/12\\\/cropped-pisi-01.png\",\"contentUrl\":\"https:\\\/\\\/setogiid.ee\\\/wp-content\\\/uploads\\\/2023\\\/12\\\/cropped-pisi-01.png\",\"width\":120,\"height\":120,\"caption\":\"Setogiid\"},\"image\":{\"@id\":\"https:\\\/\\\/setogiid.ee\\\/#\\\/schema\\\/logo\\\/image\\\/\"}}]}<\/script>\n<!-- \/ Yoast SEO plugin. -->","yoast_head_json":{"title":"Vaaksaare nulk - Setogiid","robots":{"index":"index","follow":"follow","max-snippet":"max-snippet:-1","max-image-preview":"max-image-preview:large","max-video-preview":"max-video-preview:-1"},"canonical":"https:\/\/www.setogiid.ee\/vaigokene-setomaa\/vaaksaare-nulk\/","og_locale":"en_GB","og_type":"article","og_title":"Vaaksaare nulk - Setogiid","og_description":"\u00dcldiseloomustus Vaaksaare on Setomaa nulkadest v\u00e4ikseim, sopiline, vene ja eesti k\u00fcladega \u00fcmbritsetud nulk. 2014. aasta [&hellip;]","og_url":"https:\/\/www.setogiid.ee\/vaigokene-setomaa\/vaaksaare-nulk\/","og_site_name":"Setogiid","article_modified_time":"2024-10-02T12:19:31+00:00","twitter_card":"summary_large_image","twitter_misc":{"Estimated reading time":"1 minute"},"schema":{"@context":"https:\/\/schema.org","@graph":[{"@type":"WebPage","@id":"https:\/\/www.setogiid.ee\/vaigokene-setomaa\/vaaksaare-nulk\/","url":"https:\/\/www.setogiid.ee\/vaigokene-setomaa\/vaaksaare-nulk\/","name":"Vaaksaare nulk - Setogiid","isPartOf":{"@id":"https:\/\/setogiid.ee\/#website"},"datePublished":"2021-11-24T11:12:27+00:00","dateModified":"2024-10-02T12:19:31+00:00","breadcrumb":{"@id":"https:\/\/www.setogiid.ee\/vaigokene-setomaa\/vaaksaare-nulk\/#breadcrumb"},"inLanguage":"en-GB","potentialAction":[{"@type":"ReadAction","target":["https:\/\/www.setogiid.ee\/vaigokene-setomaa\/vaaksaare-nulk\/"]}]},{"@type":"BreadcrumbList","@id":"https:\/\/www.setogiid.ee\/vaigokene-setomaa\/vaaksaare-nulk\/#breadcrumb","itemListElement":[{"@type":"ListItem","position":1,"name":"Home","item":"https:\/\/setogiid.ee\/"},{"@type":"ListItem","position":2,"name":"V\u00e4igokene Setomaa","item":"https:\/\/www.setogiid.ee\/vaigokene-setomaa\/"},{"@type":"ListItem","position":3,"name":"Vaaksaare nulk"}]},{"@type":"WebSite","@id":"https:\/\/setogiid.ee\/#website","url":"https:\/\/setogiid.ee\/","name":"Setogiid","description":"Your Guide in Setomaa","publisher":{"@id":"https:\/\/setogiid.ee\/#organization"},"potentialAction":[{"@type":"SearchAction","target":{"@type":"EntryPoint","urlTemplate":"https:\/\/setogiid.ee\/?s={search_term_string}"},"query-input":{"@type":"PropertyValueSpecification","valueRequired":true,"valueName":"search_term_string"}}],"inLanguage":"en-GB"},{"@type":"Organization","@id":"https:\/\/setogiid.ee\/#organization","name":"Setogiid","url":"https:\/\/setogiid.ee\/","logo":{"@type":"ImageObject","inLanguage":"en-GB","@id":"https:\/\/setogiid.ee\/#\/schema\/logo\/image\/","url":"https:\/\/setogiid.ee\/wp-content\/uploads\/2023\/12\/cropped-pisi-01.png","contentUrl":"https:\/\/setogiid.ee\/wp-content\/uploads\/2023\/12\/cropped-pisi-01.png","width":120,"height":120,"caption":"Setogiid"},"image":{"@id":"https:\/\/setogiid.ee\/#\/schema\/logo\/image\/"}}]}},"_links":{"self":[{"href":"https:\/\/setogiid.ee\/en\/wp-json\/wp\/v2\/pages\/129","targetHints":{"allow":["GET"]}}],"collection":[{"href":"https:\/\/setogiid.ee\/en\/wp-json\/wp\/v2\/pages"}],"about":[{"href":"https:\/\/setogiid.ee\/en\/wp-json\/wp\/v2\/types\/page"}],"author":[{"embeddable":true,"href":"https:\/\/setogiid.ee\/en\/wp-json\/wp\/v2\/users\/1"}],"replies":[{"embeddable":true,"href":"https:\/\/setogiid.ee\/en\/wp-json\/wp\/v2\/comments?post=129"}],"version-history":[{"count":5,"href":"https:\/\/setogiid.ee\/en\/wp-json\/wp\/v2\/pages\/129\/revisions"}],"predecessor-version":[{"id":1424,"href":"https:\/\/setogiid.ee\/en\/wp-json\/wp\/v2\/pages\/129\/revisions\/1424"}],"up":[{"embeddable":true,"href":"https:\/\/setogiid.ee\/en\/wp-json\/wp\/v2\/pages\/34"}],"wp:attachment":[{"href":"https:\/\/setogiid.ee\/en\/wp-json\/wp\/v2\/media?parent=129"}],"curies":[{"name":"wp","href":"https:\/\/api.w.org\/{rel}","templated":true}]}}