{"id":1520,"date":"2026-02-13T08:08:29","date_gmt":"2026-02-13T08:08:29","guid":{"rendered":"https:\/\/setogiid.ee\/?page_id=1520"},"modified":"2026-02-20T13:56:21","modified_gmt":"2026-02-20T13:56:21","slug":"kuues-pink","status":"publish","type":"page","link":"https:\/\/setogiid.ee\/en\/setomaa-audiogiidid\/metsa-matkarada\/kuues-pink\/","title":{"rendered":"Piknikukoht"},"content":{"rendered":"<div data-elementor-type=\"wp-page\" data-elementor-id=\"1520\" class=\"elementor elementor-1520\">\n\t\t\t\t\t\t<section class=\"elementor-section elementor-top-section elementor-element elementor-element-8c815a3 elementor-section-boxed elementor-section-height-default elementor-section-height-default\" data-id=\"8c815a3\" data-element_type=\"section\">\n\t\t\t\t\t\t<div class=\"elementor-container elementor-column-gap-default\">\n\t\t\t\t\t<div class=\"elementor-column elementor-col-100 elementor-top-column elementor-element elementor-element-23ad8e4\" data-id=\"23ad8e4\" data-element_type=\"column\">\n\t\t\t<div class=\"elementor-widget-wrap elementor-element-populated\">\n\t\t\t\t\t\t<div class=\"elementor-element elementor-element-6d5827d elementor-widget elementor-widget-heading\" data-id=\"6d5827d\" data-element_type=\"widget\" data-widget_type=\"heading.default\">\n\t\t\t\t<div class=\"elementor-widget-container\">\n\t\t\t<h2 class=\"elementor-heading-title elementor-size-default\">Kasiino<\/h2>\t\t<\/div>\n\t\t\t\t<\/div>\n\t\t\t\t<div class=\"elementor-element elementor-element-0ddf828 elementor-widget elementor-widget-text-editor\" data-id=\"0ddf828\" data-element_type=\"widget\" data-widget_type=\"text-editor.default\">\n\t\t\t\t<div class=\"elementor-widget-container\">\n\t\t\t\t\t\t\t<p><em>Eesti keeles<\/em><\/p><p><audio class=\"wp-audio-shortcode\" id=\"audio-1520-1\" preload=\"none\" style=\"width: 100%;\" controls=\"controls\"><source type=\"audio\/mpeg\" src=\"https:\/\/setogiid.ee\/wp-content\/uploads\/2026\/02\/6_pink_kasiino_est.mp3?_=1\" \/><a href=\"https:\/\/setogiid.ee\/wp-content\/uploads\/2026\/02\/6_pink_kasiino_est.mp3\">https:\/\/setogiid.ee\/wp-content\/uploads\/2026\/02\/6_pink_kasiino_est.mp3<\/a><\/audio><\/p>\t\t\t\t\t\t<\/div>\n\t\t\t\t<\/div>\n\t\t\t\t<div class=\"elementor-element elementor-element-e97c7e8 elementor-widget elementor-widget-text-editor\" data-id=\"e97c7e8\" data-element_type=\"widget\" data-widget_type=\"text-editor.default\">\n\t\t\t\t<div class=\"elementor-widget-container\">\n\t\t\t\t\t\t\t<p>Oled j\u00f5udnud Mustoja silla piknikukohta. Siin suubub Mustoja \u00d5rsava j\u00e4rve.<\/p><p>Selles peatuskohas tutvume l\u00e4hemalt P\u00f5hjalaagri kasiino ehk laagrikoduga. Kasiino oli P\u00f5hjalaagri k\u00f5ige suurem ja kesksem hoone, t\u00f5eline laagri s\u00fcda. See oli koht, kus kaitsev\u00e4elased ja nende perekonnaliikmed veetsid vaba aega. Kasiinol oli kaks korrust, alumisel korrusel asus suur saal n\u00e4itelava ja seda teenindavate vajalike k\u00f5rvalruumidega, puhvet, allohvitseride ja s\u00f5durite s\u00f6\u00f6gi- ja lugemistoad. Teisel korrusel asusid koduvanema, juuksuri, puhvetipidaja, meeskonna- ja v\u00f5\u00f5rastetoad, sh poissmeestest ohvitseride korterid. Maja ees oli kena lilledega kaunistatud terrass, kus \u201eauvahtidena\u201c seisid kaks 1870. aasta mudeli j\u00e4rgi ehitatud kerget kahurit. \u00d5htuti hoolitses meeleolu eest orkester. Ohvitserid pidid puhvetist oma raha eest s\u00fc\u00fca ostma. Kasiino oli ka see koht, kus v\u00f5\u00f5rustati k\u00f5rgeid k\u00fclalisi. Kasiino h\u00e4vis tulekahjus 1960. aastate l\u00f5pus.<\/p>\t\t\t\t\t\t<\/div>\n\t\t\t\t<\/div>\n\t\t\t\t\t<\/div>\n\t\t<\/div>\n\t\t\t\t\t<\/div>\n\t\t<\/section>\n\t\t\t\t<section class=\"elementor-section elementor-top-section elementor-element elementor-element-833238f elementor-section-boxed elementor-section-height-default elementor-section-height-default\" data-id=\"833238f\" data-element_type=\"section\">\n\t\t\t\t\t\t<div class=\"elementor-container elementor-column-gap-default\">\n\t\t\t\t\t<div class=\"elementor-column elementor-col-100 elementor-top-column elementor-element elementor-element-9443f9c\" data-id=\"9443f9c\" data-element_type=\"column\">\n\t\t\t<div class=\"elementor-widget-wrap elementor-element-populated\">\n\t\t\t\t\t\t<div class=\"elementor-element elementor-element-e1eebc2 elementor-widget elementor-widget-heading\" data-id=\"e1eebc2\" data-element_type=\"widget\" data-widget_type=\"heading.default\">\n\t\t\t\t<div class=\"elementor-widget-container\">\n\t\t\t<h2 class=\"elementor-heading-title elementor-size-default\">The Casino<\/h2>\t\t<\/div>\n\t\t\t\t<\/div>\n\t\t\t\t<div class=\"elementor-element elementor-element-06d7690 elementor-widget elementor-widget-text-editor\" data-id=\"06d7690\" data-element_type=\"widget\" data-widget_type=\"text-editor.default\">\n\t\t\t\t<div class=\"elementor-widget-container\">\n\t\t\t\t\t\t\t<p><em>In English<\/em><\/p><p><audio class=\"wp-audio-shortcode\" id=\"audio-1520-2\" preload=\"none\" style=\"width: 100%;\" controls=\"controls\"><source type=\"audio\/mpeg\" src=\"https:\/\/setogiid.ee\/wp-content\/uploads\/2026\/02\/6_pink_kasiino.mp3?_=2\" \/><a href=\"https:\/\/setogiid.ee\/wp-content\/uploads\/2026\/02\/6_pink_kasiino.mp3\">https:\/\/setogiid.ee\/wp-content\/uploads\/2026\/02\/6_pink_kasiino.mp3<\/a><\/audio><\/p>\t\t\t\t\t\t<\/div>\n\t\t\t\t<\/div>\n\t\t\t\t<div class=\"elementor-element elementor-element-7670d55 elementor-widget elementor-widget-text-editor\" data-id=\"7670d55\" data-element_type=\"widget\" data-widget_type=\"text-editor.default\">\n\t\t\t\t<div class=\"elementor-widget-container\">\n\t\t\t\t\t\t\t<p>You have reached the Mustoja Bridge picnic area. Here the Mustoja stream flows into Lake \u00d5rsava.<\/p><p>At this stop we take a closer look at the Northern Camp casino, also known as the Soldier\u2019s Home. The casino was the largest and most central building of the Northern Camp \u2014 the true heart of the camp \u2014 where soldiers and their family members spent their leisure time.<\/p><p>The building had two floors. On the ground floor there was a large hall with a stage and the necessary backstage rooms, a buffet, and dining and reading rooms for non-commissioned officers and soldiers. Upstairs were rooms for the superintendent, barber and buffet keeper, as well as crew and guest rooms, including apartments for bachelor officers. <br \/>In front of the building was a nice terrace decorated with flowers, where two light cannons built according to the 1870 model stood as \u2018honour guards\u2019. In the evenings, an orchestra provided the atmosphere. The officers had to buy food from the buffet with their own money. The casino also hosted high-ranking guests. The casino was destroyed in a fire in the late 1960s.<\/p>\t\t\t\t\t\t<\/div>\n\t\t\t\t<\/div>\n\t\t\t\t\t<\/div>\n\t\t<\/div>\n\t\t\t\t\t<\/div>\n\t\t<\/section>\n\t\t\t\t<section class=\"elementor-section elementor-top-section elementor-element elementor-element-8195cb0 elementor-section-boxed elementor-section-height-default elementor-section-height-default\" data-id=\"8195cb0\" data-element_type=\"section\">\n\t\t\t\t\t\t<div class=\"elementor-container elementor-column-gap-default\">\n\t\t\t\t\t<div class=\"elementor-column elementor-col-100 elementor-top-column elementor-element elementor-element-e43e839\" data-id=\"e43e839\" data-element_type=\"column\">\n\t\t\t<div class=\"elementor-widget-wrap elementor-element-populated\">\n\t\t\t\t\t\t<div class=\"elementor-element elementor-element-7adae3e elementor-widget elementor-widget-image\" data-id=\"7adae3e\" data-element_type=\"widget\" data-widget_type=\"image.default\">\n\t\t\t\t<div class=\"elementor-widget-container\">\n\t\t\t\t\t\t\t\t\t\t\t\t\t<img fetchpriority=\"high\" decoding=\"async\" width=\"1024\" height=\"534\" src=\"https:\/\/setogiid.ee\/wp-content\/uploads\/2026\/02\/matkaraja-veebi-jalus_taustaga-e1771334510406-1024x534.png\" class=\"attachment-large size-large wp-image-1616\" alt=\"\" srcset=\"https:\/\/setogiid.ee\/wp-content\/uploads\/2026\/02\/matkaraja-veebi-jalus_taustaga-e1771334510406-1024x534.png 1024w, https:\/\/setogiid.ee\/wp-content\/uploads\/2026\/02\/matkaraja-veebi-jalus_taustaga-e1771334510406-300x157.png 300w, https:\/\/setogiid.ee\/wp-content\/uploads\/2026\/02\/matkaraja-veebi-jalus_taustaga-e1771334510406-768x401.png 768w, https:\/\/setogiid.ee\/wp-content\/uploads\/2026\/02\/matkaraja-veebi-jalus_taustaga-e1771334510406-1536x801.png 1536w, https:\/\/setogiid.ee\/wp-content\/uploads\/2026\/02\/matkaraja-veebi-jalus_taustaga-e1771334510406-18x9.png 18w, https:\/\/setogiid.ee\/wp-content\/uploads\/2026\/02\/matkaraja-veebi-jalus_taustaga-e1771334510406-640x334.png 640w, https:\/\/setogiid.ee\/wp-content\/uploads\/2026\/02\/matkaraja-veebi-jalus_taustaga-e1771334510406-1100x574.png 1100w, https:\/\/setogiid.ee\/wp-content\/uploads\/2026\/02\/matkaraja-veebi-jalus_taustaga-e1771334510406-1440x751.png 1440w, https:\/\/setogiid.ee\/wp-content\/uploads\/2026\/02\/matkaraja-veebi-jalus_taustaga-e1771334510406.png 1959w\" sizes=\"(max-width: 1024px) 100vw, 1024px\" \/>\t\t\t\t\t\t\t\t\t\t\t\t\t<\/div>\n\t\t\t\t<\/div>\n\t\t\t\t\t<\/div>\n\t\t<\/div>\n\t\t\t\t\t<\/div>\n\t\t<\/section>\n\t\t\t\t<\/div>","protected":false},"excerpt":{"rendered":"<p>Kasiino Eesti keeles Oled j\u00f5udnud Mustoja silla piknikukohta. Siin suubub Mustoja \u00d5rsava j\u00e4rve. Selles peatuskohas [&hellip;]<\/p>\n","protected":false},"author":1,"featured_media":0,"parent":1443,"menu_order":0,"comment_status":"closed","ping_status":"closed","template":"","meta":{"footnotes":""},"class_list":["post-1520","page","type-page","status-publish","hentry","entry","grid"],"yoast_head":"<!-- This site is optimized with the Yoast SEO plugin v27.3 - https:\/\/yoast.com\/product\/yoast-seo-wordpress\/ -->\n<title>Piknikukoht - Setogiid<\/title>\n<meta name=\"robots\" content=\"index, follow, max-snippet:-1, max-image-preview:large, max-video-preview:-1\" \/>\n<link rel=\"canonical\" href=\"https:\/\/setogiid.ee\/en\/setomaa-audiogiidid\/metsa-matkarada\/kuues-pink\/\" \/>\n<meta property=\"og:locale\" content=\"en_GB\" \/>\n<meta property=\"og:type\" content=\"article\" \/>\n<meta property=\"og:title\" content=\"Piknikukoht - Setogiid\" \/>\n<meta property=\"og:description\" content=\"Kasiino Eesti keeles Oled j\u00f5udnud Mustoja silla piknikukohta. Siin suubub Mustoja \u00d5rsava j\u00e4rve. Selles peatuskohas [&hellip;]\" \/>\n<meta property=\"og:url\" content=\"https:\/\/setogiid.ee\/en\/setomaa-audiogiidid\/metsa-matkarada\/kuues-pink\/\" \/>\n<meta property=\"og:site_name\" content=\"Setogiid\" \/>\n<meta property=\"article:modified_time\" content=\"2026-02-20T13:56:21+00:00\" \/>\n<meta property=\"og:image\" content=\"https:\/\/setogiid.ee\/wp-content\/uploads\/2026\/02\/matkaraja-veebi-jalus_taustaga-e1771334510406-1024x534.png\" \/>\n<meta name=\"twitter:card\" content=\"summary_large_image\" \/>\n<meta name=\"twitter:label1\" content=\"Estimated reading time\" \/>\n\t<meta name=\"twitter:data1\" content=\"2 minutes\" \/>\n<script type=\"application\/ld+json\" class=\"yoast-schema-graph\">{\"@context\":\"https:\\\/\\\/schema.org\",\"@graph\":[{\"@type\":\"WebPage\",\"@id\":\"https:\\\/\\\/setogiid.ee\\\/setomaa-audiogiidid\\\/metsa-matkarada\\\/kuues-pink\\\/\",\"url\":\"https:\\\/\\\/setogiid.ee\\\/setomaa-audiogiidid\\\/metsa-matkarada\\\/kuues-pink\\\/\",\"name\":\"Piknikukoht - Setogiid\",\"isPartOf\":{\"@id\":\"https:\\\/\\\/www.setogiid.ee\\\/en\\\/#website\"},\"primaryImageOfPage\":{\"@id\":\"https:\\\/\\\/setogiid.ee\\\/setomaa-audiogiidid\\\/metsa-matkarada\\\/kuues-pink\\\/#primaryimage\"},\"image\":{\"@id\":\"https:\\\/\\\/setogiid.ee\\\/setomaa-audiogiidid\\\/metsa-matkarada\\\/kuues-pink\\\/#primaryimage\"},\"thumbnailUrl\":\"https:\\\/\\\/setogiid.ee\\\/wp-content\\\/uploads\\\/2026\\\/02\\\/matkaraja-veebi-jalus_taustaga-e1771334510406-1024x534.png\",\"datePublished\":\"2026-02-13T08:08:29+00:00\",\"dateModified\":\"2026-02-20T13:56:21+00:00\",\"breadcrumb\":{\"@id\":\"https:\\\/\\\/setogiid.ee\\\/setomaa-audiogiidid\\\/metsa-matkarada\\\/kuues-pink\\\/#breadcrumb\"},\"inLanguage\":\"en-GB\",\"potentialAction\":[{\"@type\":\"ReadAction\",\"target\":[\"https:\\\/\\\/setogiid.ee\\\/setomaa-audiogiidid\\\/metsa-matkarada\\\/kuues-pink\\\/\"]}]},{\"@type\":\"ImageObject\",\"inLanguage\":\"en-GB\",\"@id\":\"https:\\\/\\\/setogiid.ee\\\/setomaa-audiogiidid\\\/metsa-matkarada\\\/kuues-pink\\\/#primaryimage\",\"url\":\"https:\\\/\\\/setogiid.ee\\\/wp-content\\\/uploads\\\/2026\\\/02\\\/matkaraja-veebi-jalus_taustaga-e1771334510406-1024x534.png\",\"contentUrl\":\"https:\\\/\\\/setogiid.ee\\\/wp-content\\\/uploads\\\/2026\\\/02\\\/matkaraja-veebi-jalus_taustaga-e1771334510406-1024x534.png\"},{\"@type\":\"BreadcrumbList\",\"@id\":\"https:\\\/\\\/setogiid.ee\\\/setomaa-audiogiidid\\\/metsa-matkarada\\\/kuues-pink\\\/#breadcrumb\",\"itemListElement\":[{\"@type\":\"ListItem\",\"position\":1,\"name\":\"Home\",\"item\":\"https:\\\/\\\/www.setogiid.ee\\\/en\\\/\"},{\"@type\":\"ListItem\",\"position\":2,\"name\":\"Setomaa audiogiidid\",\"item\":\"https:\\\/\\\/www.setogiid.ee\\\/en\\\/setomaa-audiogiidid\\\/\"},{\"@type\":\"ListItem\",\"position\":3,\"name\":\"Metsa matkarada\",\"item\":\"https:\\\/\\\/setogiid.ee\\\/en\\\/setomaa-audiogiidid\\\/metsa-matkarada\\\/\"},{\"@type\":\"ListItem\",\"position\":4,\"name\":\"Piknikukoht\"}]},{\"@type\":\"WebSite\",\"@id\":\"https:\\\/\\\/www.setogiid.ee\\\/en\\\/#website\",\"url\":\"https:\\\/\\\/www.setogiid.ee\\\/en\\\/\",\"name\":\"Setogiid\",\"description\":\"Sinu teejuht Setomaal\",\"publisher\":{\"@id\":\"https:\\\/\\\/www.setogiid.ee\\\/en\\\/#organization\"},\"potentialAction\":[{\"@type\":\"SearchAction\",\"target\":{\"@type\":\"EntryPoint\",\"urlTemplate\":\"https:\\\/\\\/www.setogiid.ee\\\/en\\\/?s={search_term_string}\"},\"query-input\":{\"@type\":\"PropertyValueSpecification\",\"valueRequired\":true,\"valueName\":\"search_term_string\"}}],\"inLanguage\":\"en-GB\"},{\"@type\":\"Organization\",\"@id\":\"https:\\\/\\\/www.setogiid.ee\\\/en\\\/#organization\",\"name\":\"Setogiid\",\"url\":\"https:\\\/\\\/www.setogiid.ee\\\/en\\\/\",\"logo\":{\"@type\":\"ImageObject\",\"inLanguage\":\"en-GB\",\"@id\":\"https:\\\/\\\/www.setogiid.ee\\\/en\\\/#\\\/schema\\\/logo\\\/image\\\/\",\"url\":\"https:\\\/\\\/setogiid.ee\\\/wp-content\\\/uploads\\\/2023\\\/12\\\/cropped-pisi-01.png\",\"contentUrl\":\"https:\\\/\\\/setogiid.ee\\\/wp-content\\\/uploads\\\/2023\\\/12\\\/cropped-pisi-01.png\",\"width\":120,\"height\":120,\"caption\":\"Setogiid\"},\"image\":{\"@id\":\"https:\\\/\\\/www.setogiid.ee\\\/en\\\/#\\\/schema\\\/logo\\\/image\\\/\"}}]}<\/script>\n<!-- \/ Yoast SEO plugin. -->","yoast_head_json":{"title":"Piknikukoht - Setogiid","robots":{"index":"index","follow":"follow","max-snippet":"max-snippet:-1","max-image-preview":"max-image-preview:large","max-video-preview":"max-video-preview:-1"},"canonical":"https:\/\/setogiid.ee\/en\/setomaa-audiogiidid\/metsa-matkarada\/kuues-pink\/","og_locale":"en_GB","og_type":"article","og_title":"Piknikukoht - Setogiid","og_description":"Kasiino Eesti keeles Oled j\u00f5udnud Mustoja silla piknikukohta. Siin suubub Mustoja \u00d5rsava j\u00e4rve. Selles peatuskohas [&hellip;]","og_url":"https:\/\/setogiid.ee\/en\/setomaa-audiogiidid\/metsa-matkarada\/kuues-pink\/","og_site_name":"Setogiid","article_modified_time":"2026-02-20T13:56:21+00:00","og_image":[{"url":"https:\/\/setogiid.ee\/wp-content\/uploads\/2026\/02\/matkaraja-veebi-jalus_taustaga-e1771334510406-1024x534.png","type":"","width":"","height":""}],"twitter_card":"summary_large_image","twitter_misc":{"Estimated reading time":"2 minutes"},"schema":{"@context":"https:\/\/schema.org","@graph":[{"@type":"WebPage","@id":"https:\/\/setogiid.ee\/setomaa-audiogiidid\/metsa-matkarada\/kuues-pink\/","url":"https:\/\/setogiid.ee\/setomaa-audiogiidid\/metsa-matkarada\/kuues-pink\/","name":"Piknikukoht - Setogiid","isPartOf":{"@id":"https:\/\/www.setogiid.ee\/en\/#website"},"primaryImageOfPage":{"@id":"https:\/\/setogiid.ee\/setomaa-audiogiidid\/metsa-matkarada\/kuues-pink\/#primaryimage"},"image":{"@id":"https:\/\/setogiid.ee\/setomaa-audiogiidid\/metsa-matkarada\/kuues-pink\/#primaryimage"},"thumbnailUrl":"https:\/\/setogiid.ee\/wp-content\/uploads\/2026\/02\/matkaraja-veebi-jalus_taustaga-e1771334510406-1024x534.png","datePublished":"2026-02-13T08:08:29+00:00","dateModified":"2026-02-20T13:56:21+00:00","breadcrumb":{"@id":"https:\/\/setogiid.ee\/setomaa-audiogiidid\/metsa-matkarada\/kuues-pink\/#breadcrumb"},"inLanguage":"en-GB","potentialAction":[{"@type":"ReadAction","target":["https:\/\/setogiid.ee\/setomaa-audiogiidid\/metsa-matkarada\/kuues-pink\/"]}]},{"@type":"ImageObject","inLanguage":"en-GB","@id":"https:\/\/setogiid.ee\/setomaa-audiogiidid\/metsa-matkarada\/kuues-pink\/#primaryimage","url":"https:\/\/setogiid.ee\/wp-content\/uploads\/2026\/02\/matkaraja-veebi-jalus_taustaga-e1771334510406-1024x534.png","contentUrl":"https:\/\/setogiid.ee\/wp-content\/uploads\/2026\/02\/matkaraja-veebi-jalus_taustaga-e1771334510406-1024x534.png"},{"@type":"BreadcrumbList","@id":"https:\/\/setogiid.ee\/setomaa-audiogiidid\/metsa-matkarada\/kuues-pink\/#breadcrumb","itemListElement":[{"@type":"ListItem","position":1,"name":"Home","item":"https:\/\/www.setogiid.ee\/en\/"},{"@type":"ListItem","position":2,"name":"Setomaa audiogiidid","item":"https:\/\/www.setogiid.ee\/en\/setomaa-audiogiidid\/"},{"@type":"ListItem","position":3,"name":"Metsa matkarada","item":"https:\/\/setogiid.ee\/en\/setomaa-audiogiidid\/metsa-matkarada\/"},{"@type":"ListItem","position":4,"name":"Piknikukoht"}]},{"@type":"WebSite","@id":"https:\/\/www.setogiid.ee\/en\/#website","url":"https:\/\/www.setogiid.ee\/en\/","name":"Setogiid","description":"Your Guide in Setomaa","publisher":{"@id":"https:\/\/www.setogiid.ee\/en\/#organization"},"potentialAction":[{"@type":"SearchAction","target":{"@type":"EntryPoint","urlTemplate":"https:\/\/www.setogiid.ee\/en\/?s={search_term_string}"},"query-input":{"@type":"PropertyValueSpecification","valueRequired":true,"valueName":"search_term_string"}}],"inLanguage":"en-GB"},{"@type":"Organization","@id":"https:\/\/www.setogiid.ee\/en\/#organization","name":"Setogiid","url":"https:\/\/www.setogiid.ee\/en\/","logo":{"@type":"ImageObject","inLanguage":"en-GB","@id":"https:\/\/www.setogiid.ee\/en\/#\/schema\/logo\/image\/","url":"https:\/\/setogiid.ee\/wp-content\/uploads\/2023\/12\/cropped-pisi-01.png","contentUrl":"https:\/\/setogiid.ee\/wp-content\/uploads\/2023\/12\/cropped-pisi-01.png","width":120,"height":120,"caption":"Setogiid"},"image":{"@id":"https:\/\/www.setogiid.ee\/en\/#\/schema\/logo\/image\/"}}]}},"_links":{"self":[{"href":"https:\/\/setogiid.ee\/en\/wp-json\/wp\/v2\/pages\/1520","targetHints":{"allow":["GET"]}}],"collection":[{"href":"https:\/\/setogiid.ee\/en\/wp-json\/wp\/v2\/pages"}],"about":[{"href":"https:\/\/setogiid.ee\/en\/wp-json\/wp\/v2\/types\/page"}],"author":[{"embeddable":true,"href":"https:\/\/setogiid.ee\/en\/wp-json\/wp\/v2\/users\/1"}],"replies":[{"embeddable":true,"href":"https:\/\/setogiid.ee\/en\/wp-json\/wp\/v2\/comments?post=1520"}],"version-history":[{"count":5,"href":"https:\/\/setogiid.ee\/en\/wp-json\/wp\/v2\/pages\/1520\/revisions"}],"predecessor-version":[{"id":1644,"href":"https:\/\/setogiid.ee\/en\/wp-json\/wp\/v2\/pages\/1520\/revisions\/1644"}],"up":[{"embeddable":true,"href":"https:\/\/setogiid.ee\/en\/wp-json\/wp\/v2\/pages\/1443"}],"wp:attachment":[{"href":"https:\/\/setogiid.ee\/en\/wp-json\/wp\/v2\/media?parent=1520"}],"curies":[{"name":"wp","href":"https:\/\/api.w.org\/{rel}","templated":true}]}}