{"id":159,"date":"2021-11-24T12:04:44","date_gmt":"2021-11-24T12:04:44","guid":{"rendered":"https:\/\/setogiid.ee\/?page_id=159"},"modified":"2024-10-02T12:13:11","modified_gmt":"2024-10-02T12:13:11","slug":"raakva-nulk","status":"publish","type":"page","link":"https:\/\/setogiid.ee\/en\/vaigokene-setomaa\/raakva-nulk\/","title":{"rendered":"Raakva nulk"},"content":{"rendered":"<h4><strong>\u00dcldiseloomustus <\/strong><\/h4>\n<p>Setomaa on piiriala. Raakva nulgast jookseb l\u00e4bi palju piire. Ajalooliselt on Raakva nulk olnud Setomaa ja V\u00f5romaa piir. T\u00e4na asub nulgas Koidula piiripunkt, kust p\u00e4\u00e4seb l\u00fchimat teed pidi setode keskusesse Petserisse. Koidula k\u00fclast j\u00e4\u00e4b Petserisse k\u00f5igest paar kilomeetrit.<\/p>\n<p>Setomaale annab eriomase palge vene \u00f5igeusk. \u00d5igeusk on seto kultuuriga nii tihedalt l\u00e4bi p\u00f5imunud, seda sajandeid vorminud ja m\u00f5jutanud, et v\u00f5imatu oleks setosid ilma \u00f5igeusuta ettegi kujutada. Ometi on \u00f5igeusu k\u00f5rval kogu aeg visalt p\u00fcsinud eelkristlikud tavad ja kombed, millest tuntumateks on maa-ema ja maa-isa kummardamine ja k\u00f5igele elavale t\u00e4henduse andmine. Loodusl\u00e4hedus ja eriline side k\u00f5ige elavaga on setodele samav\u00f5rd oluline kui kristlik religioon.<\/p>\n<h4>P\u00e4rimus<\/h4>\n<p><em>Sa midagi usk\u00b4ma nakat, sis tuu om \u00f5ig\u00f5 kah! A ku sa ei sus, sis l\u00e4-ei \u2026<\/em><\/p>","protected":false},"excerpt":{"rendered":"<p>\u00dcldiseloomustus Setomaa on piiriala. Raakva nulgast jookseb l\u00e4bi palju piire. Ajalooliselt on Raakva nulk olnud [&hellip;]<\/p>\n","protected":false},"author":1,"featured_media":0,"parent":34,"menu_order":0,"comment_status":"closed","ping_status":"closed","template":"","meta":{"footnotes":""},"class_list":["post-159","page","type-page","status-publish","hentry","entry","grid"],"yoast_head":"<!-- This site is optimized with the Yoast SEO plugin v27.6 - https:\/\/yoast.com\/product\/yoast-seo-wordpress\/ -->\n<title>Raakva nulk - Setogiid<\/title>\n<meta name=\"robots\" content=\"index, follow, max-snippet:-1, max-image-preview:large, max-video-preview:-1\" \/>\n<link rel=\"canonical\" href=\"https:\/\/setogiid.ee\/en\/vaigokene-setomaa\/raakva-nulk\/\" \/>\n<meta property=\"og:locale\" content=\"en_GB\" \/>\n<meta property=\"og:type\" content=\"article\" \/>\n<meta property=\"og:title\" content=\"Raakva nulk - Setogiid\" \/>\n<meta property=\"og:description\" content=\"\u00dcldiseloomustus Setomaa on piiriala. Raakva nulgast jookseb l\u00e4bi palju piire. Ajalooliselt on Raakva nulk olnud [&hellip;]\" \/>\n<meta property=\"og:url\" content=\"https:\/\/setogiid.ee\/en\/vaigokene-setomaa\/raakva-nulk\/\" \/>\n<meta property=\"og:site_name\" content=\"Setogiid\" \/>\n<meta property=\"article:modified_time\" content=\"2024-10-02T12:13:11+00:00\" \/>\n<meta name=\"twitter:card\" content=\"summary_large_image\" \/>\n<meta name=\"twitter:label1\" content=\"Estimated reading time\" \/>\n\t<meta name=\"twitter:data1\" content=\"1 minute\" \/>\n<script type=\"application\/ld+json\" class=\"yoast-schema-graph\">{\"@context\":\"https:\\\/\\\/schema.org\",\"@graph\":[{\"@type\":\"WebPage\",\"@id\":\"https:\\\/\\\/setogiid.ee\\\/en\\\/vaigokene-setomaa\\\/raakva-nulk\\\/\",\"url\":\"https:\\\/\\\/setogiid.ee\\\/en\\\/vaigokene-setomaa\\\/raakva-nulk\\\/\",\"name\":\"Raakva nulk - Setogiid\",\"isPartOf\":{\"@id\":\"https:\\\/\\\/www.setogiid.ee\\\/en\\\/#website\"},\"datePublished\":\"2021-11-24T12:04:44+00:00\",\"dateModified\":\"2024-10-02T12:13:11+00:00\",\"breadcrumb\":{\"@id\":\"https:\\\/\\\/setogiid.ee\\\/en\\\/vaigokene-setomaa\\\/raakva-nulk\\\/#breadcrumb\"},\"inLanguage\":\"en-GB\",\"potentialAction\":[{\"@type\":\"ReadAction\",\"target\":[\"https:\\\/\\\/setogiid.ee\\\/en\\\/vaigokene-setomaa\\\/raakva-nulk\\\/\"]}]},{\"@type\":\"BreadcrumbList\",\"@id\":\"https:\\\/\\\/setogiid.ee\\\/en\\\/vaigokene-setomaa\\\/raakva-nulk\\\/#breadcrumb\",\"itemListElement\":[{\"@type\":\"ListItem\",\"position\":1,\"name\":\"Home\",\"item\":\"https:\\\/\\\/www.setogiid.ee\\\/en\\\/\"},{\"@type\":\"ListItem\",\"position\":2,\"name\":\"V\u00e4igokene Setomaa\",\"item\":\"https:\\\/\\\/www.setogiid.ee\\\/vaigokene-setomaa\\\/\"},{\"@type\":\"ListItem\",\"position\":3,\"name\":\"Raakva nulk\"}]},{\"@type\":\"WebSite\",\"@id\":\"https:\\\/\\\/www.setogiid.ee\\\/en\\\/#website\",\"url\":\"https:\\\/\\\/www.setogiid.ee\\\/en\\\/\",\"name\":\"Setogiid\",\"description\":\"Sinu teejuht Setomaal\",\"publisher\":{\"@id\":\"https:\\\/\\\/www.setogiid.ee\\\/en\\\/#organization\"},\"potentialAction\":[{\"@type\":\"SearchAction\",\"target\":{\"@type\":\"EntryPoint\",\"urlTemplate\":\"https:\\\/\\\/www.setogiid.ee\\\/en\\\/?s={search_term_string}\"},\"query-input\":{\"@type\":\"PropertyValueSpecification\",\"valueRequired\":true,\"valueName\":\"search_term_string\"}}],\"inLanguage\":\"en-GB\"},{\"@type\":\"Organization\",\"@id\":\"https:\\\/\\\/www.setogiid.ee\\\/en\\\/#organization\",\"name\":\"Setogiid\",\"url\":\"https:\\\/\\\/www.setogiid.ee\\\/en\\\/\",\"logo\":{\"@type\":\"ImageObject\",\"inLanguage\":\"en-GB\",\"@id\":\"https:\\\/\\\/www.setogiid.ee\\\/en\\\/#\\\/schema\\\/logo\\\/image\\\/\",\"url\":\"https:\\\/\\\/setogiid.ee\\\/wp-content\\\/uploads\\\/2023\\\/12\\\/cropped-pisi-01.png\",\"contentUrl\":\"https:\\\/\\\/setogiid.ee\\\/wp-content\\\/uploads\\\/2023\\\/12\\\/cropped-pisi-01.png\",\"width\":120,\"height\":120,\"caption\":\"Setogiid\"},\"image\":{\"@id\":\"https:\\\/\\\/www.setogiid.ee\\\/en\\\/#\\\/schema\\\/logo\\\/image\\\/\"}}]}<\/script>\n<!-- \/ Yoast SEO plugin. -->","yoast_head_json":{"title":"Raakva nulk - Setogiid","robots":{"index":"index","follow":"follow","max-snippet":"max-snippet:-1","max-image-preview":"max-image-preview:large","max-video-preview":"max-video-preview:-1"},"canonical":"https:\/\/setogiid.ee\/en\/vaigokene-setomaa\/raakva-nulk\/","og_locale":"en_GB","og_type":"article","og_title":"Raakva nulk - Setogiid","og_description":"\u00dcldiseloomustus Setomaa on piiriala. Raakva nulgast jookseb l\u00e4bi palju piire. Ajalooliselt on Raakva nulk olnud [&hellip;]","og_url":"https:\/\/setogiid.ee\/en\/vaigokene-setomaa\/raakva-nulk\/","og_site_name":"Setogiid","article_modified_time":"2024-10-02T12:13:11+00:00","twitter_card":"summary_large_image","twitter_misc":{"Estimated reading time":"1 minute"},"schema":{"@context":"https:\/\/schema.org","@graph":[{"@type":"WebPage","@id":"https:\/\/setogiid.ee\/en\/vaigokene-setomaa\/raakva-nulk\/","url":"https:\/\/setogiid.ee\/en\/vaigokene-setomaa\/raakva-nulk\/","name":"Raakva nulk - Setogiid","isPartOf":{"@id":"https:\/\/www.setogiid.ee\/en\/#website"},"datePublished":"2021-11-24T12:04:44+00:00","dateModified":"2024-10-02T12:13:11+00:00","breadcrumb":{"@id":"https:\/\/setogiid.ee\/en\/vaigokene-setomaa\/raakva-nulk\/#breadcrumb"},"inLanguage":"en-GB","potentialAction":[{"@type":"ReadAction","target":["https:\/\/setogiid.ee\/en\/vaigokene-setomaa\/raakva-nulk\/"]}]},{"@type":"BreadcrumbList","@id":"https:\/\/setogiid.ee\/en\/vaigokene-setomaa\/raakva-nulk\/#breadcrumb","itemListElement":[{"@type":"ListItem","position":1,"name":"Home","item":"https:\/\/www.setogiid.ee\/en\/"},{"@type":"ListItem","position":2,"name":"V\u00e4igokene Setomaa","item":"https:\/\/www.setogiid.ee\/vaigokene-setomaa\/"},{"@type":"ListItem","position":3,"name":"Raakva nulk"}]},{"@type":"WebSite","@id":"https:\/\/www.setogiid.ee\/en\/#website","url":"https:\/\/www.setogiid.ee\/en\/","name":"Setogiid","description":"Your Guide in Setomaa","publisher":{"@id":"https:\/\/www.setogiid.ee\/en\/#organization"},"potentialAction":[{"@type":"SearchAction","target":{"@type":"EntryPoint","urlTemplate":"https:\/\/www.setogiid.ee\/en\/?s={search_term_string}"},"query-input":{"@type":"PropertyValueSpecification","valueRequired":true,"valueName":"search_term_string"}}],"inLanguage":"en-GB"},{"@type":"Organization","@id":"https:\/\/www.setogiid.ee\/en\/#organization","name":"Setogiid","url":"https:\/\/www.setogiid.ee\/en\/","logo":{"@type":"ImageObject","inLanguage":"en-GB","@id":"https:\/\/www.setogiid.ee\/en\/#\/schema\/logo\/image\/","url":"https:\/\/setogiid.ee\/wp-content\/uploads\/2023\/12\/cropped-pisi-01.png","contentUrl":"https:\/\/setogiid.ee\/wp-content\/uploads\/2023\/12\/cropped-pisi-01.png","width":120,"height":120,"caption":"Setogiid"},"image":{"@id":"https:\/\/www.setogiid.ee\/en\/#\/schema\/logo\/image\/"}}]}},"_links":{"self":[{"href":"https:\/\/setogiid.ee\/en\/wp-json\/wp\/v2\/pages\/159","targetHints":{"allow":["GET"]}}],"collection":[{"href":"https:\/\/setogiid.ee\/en\/wp-json\/wp\/v2\/pages"}],"about":[{"href":"https:\/\/setogiid.ee\/en\/wp-json\/wp\/v2\/types\/page"}],"author":[{"embeddable":true,"href":"https:\/\/setogiid.ee\/en\/wp-json\/wp\/v2\/users\/1"}],"replies":[{"embeddable":true,"href":"https:\/\/setogiid.ee\/en\/wp-json\/wp\/v2\/comments?post=159"}],"version-history":[{"count":3,"href":"https:\/\/setogiid.ee\/en\/wp-json\/wp\/v2\/pages\/159\/revisions"}],"predecessor-version":[{"id":1417,"href":"https:\/\/setogiid.ee\/en\/wp-json\/wp\/v2\/pages\/159\/revisions\/1417"}],"up":[{"embeddable":true,"href":"https:\/\/setogiid.ee\/en\/wp-json\/wp\/v2\/pages\/34"}],"wp:attachment":[{"href":"https:\/\/setogiid.ee\/en\/wp-json\/wp\/v2\/media?parent=159"}],"curies":[{"name":"wp","href":"https:\/\/api.w.org\/{rel}","templated":true}]}}