{"id":161,"date":"2021-11-24T12:05:44","date_gmt":"2021-11-24T12:05:44","guid":{"rendered":"https:\/\/setogiid.ee\/?page_id=161"},"modified":"2024-10-02T12:12:30","modified_gmt":"2024-10-02T12:12:30","slug":"poloda-nulk","status":"publish","type":"page","link":"https:\/\/setogiid.ee\/en\/vaigokene-setomaa\/poloda-nulk\/","title":{"rendered":"Poloda nulk"},"content":{"rendered":"<h4><strong>\u00dcldiseloomustus <\/strong><\/h4>\n<p>Poloda nulk on Setomaa nulkadest suurim. Siit l\u00e4ksid l\u00e4bi olulised veeteed, mis \u00fchendasid Setomaad Peipsi ja Pihkva j\u00e4rve teiste piirkondadega. Poloda nulk oli \u00fchtlasi ka Setomaa p\u00f5hjapiiriks. P\u00f5hjapiir jooksis piki V\u00f5handu j\u00f5ge, suurimaks piiriasulaks oli V\u00f5\u00f5psu.<\/p>\n<p>Silmapiir t\u00e4histab vaatev\u00e4lja ulatust, \u00fclekantud t\u00e4henduses v\u00f5ib selle all m\u00f5ista ka teadmisi. Kui seto mehed olid 20. sajandi alguses \u00fcsna liikuvad ja muu ilmaeluga h\u00e4sti kursis, siis seto naiste teadmised elust-olust piirdusid peamiselt oma k\u00fclas ja kodus kuuluga. Nii said seto naistest traditsioonide alal hoidjad ja j\u00e4rjepidevuse kandjad. Setode kultuur ja p\u00e4rimus on naiste silmade ja hinge peegeldus.<\/p>","protected":false},"excerpt":{"rendered":"<p>\u00dcldiseloomustus Poloda nulk on Setomaa nulkadest suurim. Siit l\u00e4ksid l\u00e4bi olulised veeteed, mis \u00fchendasid Setomaad [&hellip;]<\/p>\n","protected":false},"author":1,"featured_media":0,"parent":34,"menu_order":0,"comment_status":"closed","ping_status":"closed","template":"","meta":{"footnotes":""},"class_list":["post-161","page","type-page","status-publish","hentry","entry","grid"],"yoast_head":"<!-- This site is optimized with the Yoast SEO plugin v27.4 - https:\/\/yoast.com\/product\/yoast-seo-wordpress\/ -->\n<title>Poloda nulk - Setogiid<\/title>\n<meta name=\"robots\" content=\"index, follow, max-snippet:-1, max-image-preview:large, max-video-preview:-1\" \/>\n<link rel=\"canonical\" href=\"https:\/\/www.setogiid.ee\/vaigokene-setomaa\/poloda-nulk\/\" \/>\n<meta property=\"og:locale\" content=\"en_GB\" \/>\n<meta property=\"og:type\" content=\"article\" \/>\n<meta property=\"og:title\" content=\"Poloda nulk - Setogiid\" \/>\n<meta property=\"og:description\" content=\"\u00dcldiseloomustus Poloda nulk on Setomaa nulkadest suurim. Siit l\u00e4ksid l\u00e4bi olulised veeteed, mis \u00fchendasid Setomaad [&hellip;]\" \/>\n<meta property=\"og:url\" content=\"https:\/\/www.setogiid.ee\/vaigokene-setomaa\/poloda-nulk\/\" \/>\n<meta property=\"og:site_name\" content=\"Setogiid\" \/>\n<meta property=\"article:modified_time\" content=\"2024-10-02T12:12:30+00:00\" \/>\n<meta name=\"twitter:card\" content=\"summary_large_image\" \/>\n<meta name=\"twitter:label1\" content=\"Estimated reading time\" \/>\n\t<meta name=\"twitter:data1\" content=\"1 minute\" \/>\n<script type=\"application\/ld+json\" class=\"yoast-schema-graph\">{\"@context\":\"https:\\\/\\\/schema.org\",\"@graph\":[{\"@type\":\"WebPage\",\"@id\":\"https:\\\/\\\/www.setogiid.ee\\\/vaigokene-setomaa\\\/poloda-nulk\\\/\",\"url\":\"https:\\\/\\\/www.setogiid.ee\\\/vaigokene-setomaa\\\/poloda-nulk\\\/\",\"name\":\"Poloda nulk - Setogiid\",\"isPartOf\":{\"@id\":\"https:\\\/\\\/www.setogiid.ee\\\/en\\\/#website\"},\"datePublished\":\"2021-11-24T12:05:44+00:00\",\"dateModified\":\"2024-10-02T12:12:30+00:00\",\"breadcrumb\":{\"@id\":\"https:\\\/\\\/www.setogiid.ee\\\/vaigokene-setomaa\\\/poloda-nulk\\\/#breadcrumb\"},\"inLanguage\":\"en-GB\",\"potentialAction\":[{\"@type\":\"ReadAction\",\"target\":[\"https:\\\/\\\/www.setogiid.ee\\\/vaigokene-setomaa\\\/poloda-nulk\\\/\"]}]},{\"@type\":\"BreadcrumbList\",\"@id\":\"https:\\\/\\\/www.setogiid.ee\\\/vaigokene-setomaa\\\/poloda-nulk\\\/#breadcrumb\",\"itemListElement\":[{\"@type\":\"ListItem\",\"position\":1,\"name\":\"Home\",\"item\":\"https:\\\/\\\/www.setogiid.ee\\\/en\\\/\"},{\"@type\":\"ListItem\",\"position\":2,\"name\":\"V\u00e4igokene Setomaa\",\"item\":\"https:\\\/\\\/www.setogiid.ee\\\/en\\\/vaigokene-setomaa\\\/\"},{\"@type\":\"ListItem\",\"position\":3,\"name\":\"Poloda nulk\"}]},{\"@type\":\"WebSite\",\"@id\":\"https:\\\/\\\/www.setogiid.ee\\\/en\\\/#website\",\"url\":\"https:\\\/\\\/www.setogiid.ee\\\/en\\\/\",\"name\":\"Setogiid\",\"description\":\"Sinu teejuht Setomaal\",\"publisher\":{\"@id\":\"https:\\\/\\\/www.setogiid.ee\\\/en\\\/#organization\"},\"potentialAction\":[{\"@type\":\"SearchAction\",\"target\":{\"@type\":\"EntryPoint\",\"urlTemplate\":\"https:\\\/\\\/www.setogiid.ee\\\/en\\\/?s={search_term_string}\"},\"query-input\":{\"@type\":\"PropertyValueSpecification\",\"valueRequired\":true,\"valueName\":\"search_term_string\"}}],\"inLanguage\":\"en-GB\"},{\"@type\":\"Organization\",\"@id\":\"https:\\\/\\\/www.setogiid.ee\\\/en\\\/#organization\",\"name\":\"Setogiid\",\"url\":\"https:\\\/\\\/www.setogiid.ee\\\/en\\\/\",\"logo\":{\"@type\":\"ImageObject\",\"inLanguage\":\"en-GB\",\"@id\":\"https:\\\/\\\/www.setogiid.ee\\\/en\\\/#\\\/schema\\\/logo\\\/image\\\/\",\"url\":\"https:\\\/\\\/www.setogiid.ee\\\/wp-content\\\/uploads\\\/2023\\\/12\\\/cropped-pisi-01.png\",\"contentUrl\":\"https:\\\/\\\/www.setogiid.ee\\\/wp-content\\\/uploads\\\/2023\\\/12\\\/cropped-pisi-01.png\",\"width\":120,\"height\":120,\"caption\":\"Setogiid\"},\"image\":{\"@id\":\"https:\\\/\\\/www.setogiid.ee\\\/en\\\/#\\\/schema\\\/logo\\\/image\\\/\"}}]}<\/script>\n<!-- \/ Yoast SEO plugin. -->","yoast_head_json":{"title":"Poloda nulk - Setogiid","robots":{"index":"index","follow":"follow","max-snippet":"max-snippet:-1","max-image-preview":"max-image-preview:large","max-video-preview":"max-video-preview:-1"},"canonical":"https:\/\/www.setogiid.ee\/vaigokene-setomaa\/poloda-nulk\/","og_locale":"en_GB","og_type":"article","og_title":"Poloda nulk - Setogiid","og_description":"\u00dcldiseloomustus Poloda nulk on Setomaa nulkadest suurim. Siit l\u00e4ksid l\u00e4bi olulised veeteed, mis \u00fchendasid Setomaad [&hellip;]","og_url":"https:\/\/www.setogiid.ee\/vaigokene-setomaa\/poloda-nulk\/","og_site_name":"Setogiid","article_modified_time":"2024-10-02T12:12:30+00:00","twitter_card":"summary_large_image","twitter_misc":{"Estimated reading time":"1 minute"},"schema":{"@context":"https:\/\/schema.org","@graph":[{"@type":"WebPage","@id":"https:\/\/www.setogiid.ee\/vaigokene-setomaa\/poloda-nulk\/","url":"https:\/\/www.setogiid.ee\/vaigokene-setomaa\/poloda-nulk\/","name":"Poloda nulk - Setogiid","isPartOf":{"@id":"https:\/\/www.setogiid.ee\/en\/#website"},"datePublished":"2021-11-24T12:05:44+00:00","dateModified":"2024-10-02T12:12:30+00:00","breadcrumb":{"@id":"https:\/\/www.setogiid.ee\/vaigokene-setomaa\/poloda-nulk\/#breadcrumb"},"inLanguage":"en-GB","potentialAction":[{"@type":"ReadAction","target":["https:\/\/www.setogiid.ee\/vaigokene-setomaa\/poloda-nulk\/"]}]},{"@type":"BreadcrumbList","@id":"https:\/\/www.setogiid.ee\/vaigokene-setomaa\/poloda-nulk\/#breadcrumb","itemListElement":[{"@type":"ListItem","position":1,"name":"Home","item":"https:\/\/www.setogiid.ee\/en\/"},{"@type":"ListItem","position":2,"name":"V\u00e4igokene Setomaa","item":"https:\/\/www.setogiid.ee\/en\/vaigokene-setomaa\/"},{"@type":"ListItem","position":3,"name":"Poloda nulk"}]},{"@type":"WebSite","@id":"https:\/\/www.setogiid.ee\/en\/#website","url":"https:\/\/www.setogiid.ee\/en\/","name":"Setogiid","description":"Your Guide in Setomaa","publisher":{"@id":"https:\/\/www.setogiid.ee\/en\/#organization"},"potentialAction":[{"@type":"SearchAction","target":{"@type":"EntryPoint","urlTemplate":"https:\/\/www.setogiid.ee\/en\/?s={search_term_string}"},"query-input":{"@type":"PropertyValueSpecification","valueRequired":true,"valueName":"search_term_string"}}],"inLanguage":"en-GB"},{"@type":"Organization","@id":"https:\/\/www.setogiid.ee\/en\/#organization","name":"Setogiid","url":"https:\/\/www.setogiid.ee\/en\/","logo":{"@type":"ImageObject","inLanguage":"en-GB","@id":"https:\/\/www.setogiid.ee\/en\/#\/schema\/logo\/image\/","url":"https:\/\/www.setogiid.ee\/wp-content\/uploads\/2023\/12\/cropped-pisi-01.png","contentUrl":"https:\/\/www.setogiid.ee\/wp-content\/uploads\/2023\/12\/cropped-pisi-01.png","width":120,"height":120,"caption":"Setogiid"},"image":{"@id":"https:\/\/www.setogiid.ee\/en\/#\/schema\/logo\/image\/"}}]}},"_links":{"self":[{"href":"https:\/\/setogiid.ee\/en\/wp-json\/wp\/v2\/pages\/161","targetHints":{"allow":["GET"]}}],"collection":[{"href":"https:\/\/setogiid.ee\/en\/wp-json\/wp\/v2\/pages"}],"about":[{"href":"https:\/\/setogiid.ee\/en\/wp-json\/wp\/v2\/types\/page"}],"author":[{"embeddable":true,"href":"https:\/\/setogiid.ee\/en\/wp-json\/wp\/v2\/users\/1"}],"replies":[{"embeddable":true,"href":"https:\/\/setogiid.ee\/en\/wp-json\/wp\/v2\/comments?post=161"}],"version-history":[{"count":3,"href":"https:\/\/setogiid.ee\/en\/wp-json\/wp\/v2\/pages\/161\/revisions"}],"predecessor-version":[{"id":1416,"href":"https:\/\/setogiid.ee\/en\/wp-json\/wp\/v2\/pages\/161\/revisions\/1416"}],"up":[{"embeddable":true,"href":"https:\/\/setogiid.ee\/en\/wp-json\/wp\/v2\/pages\/34"}],"wp:attachment":[{"href":"https:\/\/setogiid.ee\/en\/wp-json\/wp\/v2\/media?parent=161"}],"curies":[{"name":"wp","href":"https:\/\/api.w.org\/{rel}","templated":true}]}}