{"id":169,"date":"2021-11-24T12:08:54","date_gmt":"2021-11-24T12:08:54","guid":{"rendered":"https:\/\/setogiid.ee\/?page_id=169"},"modified":"2024-10-02T12:11:23","modified_gmt":"2024-10-02T12:11:23","slug":"irboska-nulk","status":"publish","type":"page","link":"https:\/\/setogiid.ee\/en\/vaigokene-setomaa\/irboska-nulk\/","title":{"rendered":"Irboska nulk"},"content":{"rendered":"<h4><strong>\u00dcldiseloomustus <\/strong><\/h4>\n<p>Irboska nulk j\u00e4\u00e4b t\u00e4ielikult Vene F\u00f6deratsiooni piiridesse. Nulga keskus Irboska on m\u00e4nginud v\u00e4ga t\u00e4htsat rolli Vana Vene riigi loos, siin asub Setomaa vanemaid linnuse asukohti, Truvori liinam\u00e4gi. Paik on Setomaa jaoks kuulsust kogunud siinsete kiviristide poolest, mida valmistati peamiselt kohalikust paekivist. Setod pidasid kiviriste elavateks ja imetegevateks olenditeks. Irboska nulka j\u00e4\u00e4b ka Vana-Irboska P\u00fcha Nikolause peakirik, mis vanim Setomaa kirik (1349).<\/p>","protected":false},"excerpt":{"rendered":"<p>\u00dcldiseloomustus Irboska nulk j\u00e4\u00e4b t\u00e4ielikult Vene F\u00f6deratsiooni piiridesse. Nulga keskus Irboska on m\u00e4nginud v\u00e4ga t\u00e4htsat [&hellip;]<\/p>\n","protected":false},"author":1,"featured_media":0,"parent":34,"menu_order":0,"comment_status":"closed","ping_status":"closed","template":"","meta":{"footnotes":""},"class_list":["post-169","page","type-page","status-publish","hentry","entry","grid"],"yoast_head":"<!-- This site is optimized with the Yoast SEO plugin v27.6 - https:\/\/yoast.com\/product\/yoast-seo-wordpress\/ -->\n<title>Irboska nulk - Setogiid<\/title>\n<meta name=\"robots\" content=\"index, follow, max-snippet:-1, max-image-preview:large, max-video-preview:-1\" \/>\n<link rel=\"canonical\" href=\"https:\/\/setogiid.ee\/en\/vaigokene-setomaa\/irboska-nulk\/\" \/>\n<meta property=\"og:locale\" content=\"en_GB\" \/>\n<meta property=\"og:type\" content=\"article\" \/>\n<meta property=\"og:title\" content=\"Irboska nulk - Setogiid\" \/>\n<meta property=\"og:description\" content=\"\u00dcldiseloomustus Irboska nulk j\u00e4\u00e4b t\u00e4ielikult Vene F\u00f6deratsiooni piiridesse. Nulga keskus Irboska on m\u00e4nginud v\u00e4ga t\u00e4htsat [&hellip;]\" \/>\n<meta property=\"og:url\" content=\"https:\/\/setogiid.ee\/en\/vaigokene-setomaa\/irboska-nulk\/\" \/>\n<meta property=\"og:site_name\" content=\"Setogiid\" \/>\n<meta property=\"article:modified_time\" content=\"2024-10-02T12:11:23+00:00\" \/>\n<meta name=\"twitter:card\" content=\"summary_large_image\" \/>\n<meta name=\"twitter:label1\" content=\"Estimated reading time\" \/>\n\t<meta name=\"twitter:data1\" content=\"1 minute\" \/>\n<script type=\"application\/ld+json\" class=\"yoast-schema-graph\">{\"@context\":\"https:\\\/\\\/schema.org\",\"@graph\":[{\"@type\":\"WebPage\",\"@id\":\"https:\\\/\\\/setogiid.ee\\\/vaigokene-setomaa\\\/irboska-nulk\\\/\",\"url\":\"https:\\\/\\\/setogiid.ee\\\/vaigokene-setomaa\\\/irboska-nulk\\\/\",\"name\":\"Irboska nulk - Setogiid\",\"isPartOf\":{\"@id\":\"https:\\\/\\\/www.setogiid.ee\\\/en\\\/#website\"},\"datePublished\":\"2021-11-24T12:08:54+00:00\",\"dateModified\":\"2024-10-02T12:11:23+00:00\",\"breadcrumb\":{\"@id\":\"https:\\\/\\\/setogiid.ee\\\/vaigokene-setomaa\\\/irboska-nulk\\\/#breadcrumb\"},\"inLanguage\":\"en-GB\",\"potentialAction\":[{\"@type\":\"ReadAction\",\"target\":[\"https:\\\/\\\/setogiid.ee\\\/vaigokene-setomaa\\\/irboska-nulk\\\/\"]}]},{\"@type\":\"BreadcrumbList\",\"@id\":\"https:\\\/\\\/setogiid.ee\\\/vaigokene-setomaa\\\/irboska-nulk\\\/#breadcrumb\",\"itemListElement\":[{\"@type\":\"ListItem\",\"position\":1,\"name\":\"Home\",\"item\":\"https:\\\/\\\/www.setogiid.ee\\\/en\\\/\"},{\"@type\":\"ListItem\",\"position\":2,\"name\":\"V\u00e4igokene Setomaa\",\"item\":\"https:\\\/\\\/www.setogiid.ee\\\/vaigokene-setomaa\\\/\"},{\"@type\":\"ListItem\",\"position\":3,\"name\":\"Irboska nulk\"}]},{\"@type\":\"WebSite\",\"@id\":\"https:\\\/\\\/www.setogiid.ee\\\/en\\\/#website\",\"url\":\"https:\\\/\\\/www.setogiid.ee\\\/en\\\/\",\"name\":\"Setogiid\",\"description\":\"Sinu teejuht Setomaal\",\"publisher\":{\"@id\":\"https:\\\/\\\/www.setogiid.ee\\\/en\\\/#organization\"},\"potentialAction\":[{\"@type\":\"SearchAction\",\"target\":{\"@type\":\"EntryPoint\",\"urlTemplate\":\"https:\\\/\\\/www.setogiid.ee\\\/en\\\/?s={search_term_string}\"},\"query-input\":{\"@type\":\"PropertyValueSpecification\",\"valueRequired\":true,\"valueName\":\"search_term_string\"}}],\"inLanguage\":\"en-GB\"},{\"@type\":\"Organization\",\"@id\":\"https:\\\/\\\/www.setogiid.ee\\\/en\\\/#organization\",\"name\":\"Setogiid\",\"url\":\"https:\\\/\\\/www.setogiid.ee\\\/en\\\/\",\"logo\":{\"@type\":\"ImageObject\",\"inLanguage\":\"en-GB\",\"@id\":\"https:\\\/\\\/www.setogiid.ee\\\/en\\\/#\\\/schema\\\/logo\\\/image\\\/\",\"url\":\"https:\\\/\\\/setogiid.ee\\\/wp-content\\\/uploads\\\/2023\\\/12\\\/cropped-pisi-01.png\",\"contentUrl\":\"https:\\\/\\\/setogiid.ee\\\/wp-content\\\/uploads\\\/2023\\\/12\\\/cropped-pisi-01.png\",\"width\":120,\"height\":120,\"caption\":\"Setogiid\"},\"image\":{\"@id\":\"https:\\\/\\\/www.setogiid.ee\\\/en\\\/#\\\/schema\\\/logo\\\/image\\\/\"}}]}<\/script>\n<!-- \/ Yoast SEO plugin. -->","yoast_head_json":{"title":"Irboska nulk - Setogiid","robots":{"index":"index","follow":"follow","max-snippet":"max-snippet:-1","max-image-preview":"max-image-preview:large","max-video-preview":"max-video-preview:-1"},"canonical":"https:\/\/setogiid.ee\/en\/vaigokene-setomaa\/irboska-nulk\/","og_locale":"en_GB","og_type":"article","og_title":"Irboska nulk - Setogiid","og_description":"\u00dcldiseloomustus Irboska nulk j\u00e4\u00e4b t\u00e4ielikult Vene F\u00f6deratsiooni piiridesse. Nulga keskus Irboska on m\u00e4nginud v\u00e4ga t\u00e4htsat [&hellip;]","og_url":"https:\/\/setogiid.ee\/en\/vaigokene-setomaa\/irboska-nulk\/","og_site_name":"Setogiid","article_modified_time":"2024-10-02T12:11:23+00:00","twitter_card":"summary_large_image","twitter_misc":{"Estimated reading time":"1 minute"},"schema":{"@context":"https:\/\/schema.org","@graph":[{"@type":"WebPage","@id":"https:\/\/setogiid.ee\/vaigokene-setomaa\/irboska-nulk\/","url":"https:\/\/setogiid.ee\/vaigokene-setomaa\/irboska-nulk\/","name":"Irboska nulk - Setogiid","isPartOf":{"@id":"https:\/\/www.setogiid.ee\/en\/#website"},"datePublished":"2021-11-24T12:08:54+00:00","dateModified":"2024-10-02T12:11:23+00:00","breadcrumb":{"@id":"https:\/\/setogiid.ee\/vaigokene-setomaa\/irboska-nulk\/#breadcrumb"},"inLanguage":"en-GB","potentialAction":[{"@type":"ReadAction","target":["https:\/\/setogiid.ee\/vaigokene-setomaa\/irboska-nulk\/"]}]},{"@type":"BreadcrumbList","@id":"https:\/\/setogiid.ee\/vaigokene-setomaa\/irboska-nulk\/#breadcrumb","itemListElement":[{"@type":"ListItem","position":1,"name":"Home","item":"https:\/\/www.setogiid.ee\/en\/"},{"@type":"ListItem","position":2,"name":"V\u00e4igokene Setomaa","item":"https:\/\/www.setogiid.ee\/vaigokene-setomaa\/"},{"@type":"ListItem","position":3,"name":"Irboska nulk"}]},{"@type":"WebSite","@id":"https:\/\/www.setogiid.ee\/en\/#website","url":"https:\/\/www.setogiid.ee\/en\/","name":"Setogiid","description":"Your Guide in Setomaa","publisher":{"@id":"https:\/\/www.setogiid.ee\/en\/#organization"},"potentialAction":[{"@type":"SearchAction","target":{"@type":"EntryPoint","urlTemplate":"https:\/\/www.setogiid.ee\/en\/?s={search_term_string}"},"query-input":{"@type":"PropertyValueSpecification","valueRequired":true,"valueName":"search_term_string"}}],"inLanguage":"en-GB"},{"@type":"Organization","@id":"https:\/\/www.setogiid.ee\/en\/#organization","name":"Setogiid","url":"https:\/\/www.setogiid.ee\/en\/","logo":{"@type":"ImageObject","inLanguage":"en-GB","@id":"https:\/\/www.setogiid.ee\/en\/#\/schema\/logo\/image\/","url":"https:\/\/setogiid.ee\/wp-content\/uploads\/2023\/12\/cropped-pisi-01.png","contentUrl":"https:\/\/setogiid.ee\/wp-content\/uploads\/2023\/12\/cropped-pisi-01.png","width":120,"height":120,"caption":"Setogiid"},"image":{"@id":"https:\/\/www.setogiid.ee\/en\/#\/schema\/logo\/image\/"}}]}},"_links":{"self":[{"href":"https:\/\/setogiid.ee\/en\/wp-json\/wp\/v2\/pages\/169","targetHints":{"allow":["GET"]}}],"collection":[{"href":"https:\/\/setogiid.ee\/en\/wp-json\/wp\/v2\/pages"}],"about":[{"href":"https:\/\/setogiid.ee\/en\/wp-json\/wp\/v2\/types\/page"}],"author":[{"embeddable":true,"href":"https:\/\/setogiid.ee\/en\/wp-json\/wp\/v2\/users\/1"}],"replies":[{"embeddable":true,"href":"https:\/\/setogiid.ee\/en\/wp-json\/wp\/v2\/comments?post=169"}],"version-history":[{"count":4,"href":"https:\/\/setogiid.ee\/en\/wp-json\/wp\/v2\/pages\/169\/revisions"}],"predecessor-version":[{"id":1415,"href":"https:\/\/setogiid.ee\/en\/wp-json\/wp\/v2\/pages\/169\/revisions\/1415"}],"up":[{"embeddable":true,"href":"https:\/\/setogiid.ee\/en\/wp-json\/wp\/v2\/pages\/34"}],"wp:attachment":[{"href":"https:\/\/setogiid.ee\/en\/wp-json\/wp\/v2\/media?parent=169"}],"curies":[{"name":"wp","href":"https:\/\/api.w.org\/{rel}","templated":true}]}}