{"id":171,"date":"2021-11-24T12:09:39","date_gmt":"2021-11-24T12:09:39","guid":{"rendered":"https:\/\/setogiid.ee\/?page_id=171"},"modified":"2024-10-02T12:14:39","modified_gmt":"2024-10-02T12:14:39","slug":"seeritse-nulk","status":"publish","type":"page","link":"https:\/\/setogiid.ee\/en\/vaigokene-setomaa\/seeritse-nulk\/","title":{"rendered":"Seeritse nulk"},"content":{"rendered":"<h4><strong>\u00dcldiseloomustus <\/strong><\/h4>\n<p>Irboska naabernulk Seeritse on \u00fcks kolmest Setomaa piirkonnast, mis j\u00e4\u00e4b t\u00e4na t\u00e4ielikult Vene F\u00f6deratsiooni territooriumile. Kunagist j\u00f5ukat nulka \u00fcmbritsevad kolmest k\u00fcljest vene k\u00fclad. Piirkonna keskus asub Radaja k\u00fclas. Radajal peetakse 28. augustil Maarjap\u00e4eva kirmast, Radajat, mis on setode jaoks v\u00e4ga oluline.<\/p>\n<p>R\u00f5\u00f5m on inimese \u00fcks p\u00f5hiemotsioone. Olenemata kultuurist suudavad inimesed \u00fchtviisi kogeda seitset p\u00f5hiemotsiooni, milleks on:<\/p>\n<p><strong>&#8211; R\u00f5\u00f5m<br \/>\n<\/strong>&#8211; Kurbus <strong><br \/>\n<\/strong>&#8211; \u00dcllatus <strong><br \/>\n<\/strong>&#8211; Viha <strong><br \/>\n<\/strong>&#8211; Hirm <strong><br \/>\n<\/strong>&#8211; J\u00e4lkus <strong><br \/>\n<\/strong>&#8211; P\u00f5lgus<\/p>\n<p>Me v\u00e4ljendame r\u00f5\u00f5mu v\u00e4ga erineval viisil. Me v\u00f5ime r\u00f5\u00f5must naerda ja nutta, tantsida ja laulda, m\u00f6irata ja m\u00f5miseda. R\u00f5\u00f5mu v\u00e4ljenduse piirid on laiad ja see, kuidas me r\u00f5\u00f5mu v\u00e4ljendame, s\u00f5ltub paljudest asjaoludest. Suurimat r\u00f5\u00f5mu arvatakse tundvat inimest siis, kui ta saab seda teistega jagada \u2013 ehk teha r\u00f5\u00f5must topeltr\u00f5\u00f5mu.<\/p>\n<p>Setode \u00fchiseks r\u00f5\u00f5mu v\u00e4ljendamise kohaks on alati olnud k\u00fclapidu ehk kirmas. Kirmaseid peetakse kirikute ja ts\u00e4ssonate nimip\u00fchakute p\u00e4evadel. Kirmased on perep\u00fchad, mil tullakse kokku, et olla koos kunagiste ja t\u00e4naste pereliikmetega.<\/p>\n<h4>P\u00e4rimus<\/h4>\n<p><em>K\u00f5ik, keda teadsin, olid Radajal. Petseri-taguses Seerids\u00e4 nulgas k\u00f5neldud teistmoodi ja seda kanti h\u00fc\u00fctud ka Kr\u00f5stus\u00f5 nulk, sest sealsed inimesed nimetavat oma k\u00f5nes Kristust s\u00f5na alla ja s\u00f5na peale<\/em>. Anna Tammeorg<\/p>\n<p><em>Eestlased on ikka kehvemad, nemad nutavad pisaratega, aga seturahvas nutab s\u00f5nadega<\/em><br \/>\n(Remmel 1997:287-288)<\/p>","protected":false},"excerpt":{"rendered":"<p>\u00dcldiseloomustus Irboska naabernulk Seeritse on \u00fcks kolmest Setomaa piirkonnast, mis j\u00e4\u00e4b t\u00e4na t\u00e4ielikult Vene F\u00f6deratsiooni [&hellip;]<\/p>\n","protected":false},"author":1,"featured_media":0,"parent":34,"menu_order":0,"comment_status":"closed","ping_status":"closed","template":"","meta":{"footnotes":""},"class_list":["post-171","page","type-page","status-publish","hentry","entry","grid"],"yoast_head":"<!-- This site is optimized with the Yoast SEO plugin v27.6 - https:\/\/yoast.com\/product\/yoast-seo-wordpress\/ -->\n<title>Seeritse nulk - Setogiid<\/title>\n<meta name=\"robots\" content=\"index, follow, max-snippet:-1, max-image-preview:large, max-video-preview:-1\" \/>\n<link rel=\"canonical\" href=\"https:\/\/www.setogiid.ee\/en\/vaigokene-setomaa\/seeritse-nulk\/\" \/>\n<meta property=\"og:locale\" content=\"en_GB\" \/>\n<meta property=\"og:type\" content=\"article\" \/>\n<meta property=\"og:title\" content=\"Seeritse nulk - Setogiid\" \/>\n<meta property=\"og:description\" content=\"\u00dcldiseloomustus Irboska naabernulk Seeritse on \u00fcks kolmest Setomaa piirkonnast, mis j\u00e4\u00e4b t\u00e4na t\u00e4ielikult Vene F\u00f6deratsiooni [&hellip;]\" \/>\n<meta property=\"og:url\" content=\"https:\/\/www.setogiid.ee\/en\/vaigokene-setomaa\/seeritse-nulk\/\" \/>\n<meta property=\"og:site_name\" content=\"Setogiid\" \/>\n<meta property=\"article:modified_time\" content=\"2024-10-02T12:14:39+00:00\" \/>\n<meta name=\"twitter:card\" content=\"summary_large_image\" \/>\n<meta name=\"twitter:label1\" content=\"Estimated reading time\" \/>\n\t<meta name=\"twitter:data1\" content=\"2 minutes\" \/>\n<script type=\"application\/ld+json\" class=\"yoast-schema-graph\">{\"@context\":\"https:\\\/\\\/schema.org\",\"@graph\":[{\"@type\":\"WebPage\",\"@id\":\"https:\\\/\\\/www.setogiid.ee\\\/en\\\/vaigokene-setomaa\\\/seeritse-nulk\\\/\",\"url\":\"https:\\\/\\\/www.setogiid.ee\\\/en\\\/vaigokene-setomaa\\\/seeritse-nulk\\\/\",\"name\":\"Seeritse nulk - Setogiid\",\"isPartOf\":{\"@id\":\"https:\\\/\\\/www.setogiid.ee\\\/en\\\/#website\"},\"datePublished\":\"2021-11-24T12:09:39+00:00\",\"dateModified\":\"2024-10-02T12:14:39+00:00\",\"breadcrumb\":{\"@id\":\"https:\\\/\\\/www.setogiid.ee\\\/en\\\/vaigokene-setomaa\\\/seeritse-nulk\\\/#breadcrumb\"},\"inLanguage\":\"en-GB\",\"potentialAction\":[{\"@type\":\"ReadAction\",\"target\":[\"https:\\\/\\\/www.setogiid.ee\\\/en\\\/vaigokene-setomaa\\\/seeritse-nulk\\\/\"]}]},{\"@type\":\"BreadcrumbList\",\"@id\":\"https:\\\/\\\/www.setogiid.ee\\\/en\\\/vaigokene-setomaa\\\/seeritse-nulk\\\/#breadcrumb\",\"itemListElement\":[{\"@type\":\"ListItem\",\"position\":1,\"name\":\"Home\",\"item\":\"https:\\\/\\\/www.setogiid.ee\\\/en\\\/\"},{\"@type\":\"ListItem\",\"position\":2,\"name\":\"V\u00e4igokene Setomaa\",\"item\":\"https:\\\/\\\/www.setogiid.ee\\\/vaigokene-setomaa\\\/\"},{\"@type\":\"ListItem\",\"position\":3,\"name\":\"Seeritse nulk\"}]},{\"@type\":\"WebSite\",\"@id\":\"https:\\\/\\\/www.setogiid.ee\\\/en\\\/#website\",\"url\":\"https:\\\/\\\/www.setogiid.ee\\\/en\\\/\",\"name\":\"Setogiid\",\"description\":\"Sinu teejuht Setomaal\",\"publisher\":{\"@id\":\"https:\\\/\\\/www.setogiid.ee\\\/en\\\/#organization\"},\"potentialAction\":[{\"@type\":\"SearchAction\",\"target\":{\"@type\":\"EntryPoint\",\"urlTemplate\":\"https:\\\/\\\/www.setogiid.ee\\\/en\\\/?s={search_term_string}\"},\"query-input\":{\"@type\":\"PropertyValueSpecification\",\"valueRequired\":true,\"valueName\":\"search_term_string\"}}],\"inLanguage\":\"en-GB\"},{\"@type\":\"Organization\",\"@id\":\"https:\\\/\\\/www.setogiid.ee\\\/en\\\/#organization\",\"name\":\"Setogiid\",\"url\":\"https:\\\/\\\/www.setogiid.ee\\\/en\\\/\",\"logo\":{\"@type\":\"ImageObject\",\"inLanguage\":\"en-GB\",\"@id\":\"https:\\\/\\\/www.setogiid.ee\\\/en\\\/#\\\/schema\\\/logo\\\/image\\\/\",\"url\":\"https:\\\/\\\/setogiid.ee\\\/wp-content\\\/uploads\\\/2023\\\/12\\\/cropped-pisi-01.png\",\"contentUrl\":\"https:\\\/\\\/setogiid.ee\\\/wp-content\\\/uploads\\\/2023\\\/12\\\/cropped-pisi-01.png\",\"width\":120,\"height\":120,\"caption\":\"Setogiid\"},\"image\":{\"@id\":\"https:\\\/\\\/www.setogiid.ee\\\/en\\\/#\\\/schema\\\/logo\\\/image\\\/\"}}]}<\/script>\n<!-- \/ Yoast SEO plugin. -->","yoast_head_json":{"title":"Seeritse nulk - Setogiid","robots":{"index":"index","follow":"follow","max-snippet":"max-snippet:-1","max-image-preview":"max-image-preview:large","max-video-preview":"max-video-preview:-1"},"canonical":"https:\/\/www.setogiid.ee\/en\/vaigokene-setomaa\/seeritse-nulk\/","og_locale":"en_GB","og_type":"article","og_title":"Seeritse nulk - Setogiid","og_description":"\u00dcldiseloomustus Irboska naabernulk Seeritse on \u00fcks kolmest Setomaa piirkonnast, mis j\u00e4\u00e4b t\u00e4na t\u00e4ielikult Vene F\u00f6deratsiooni [&hellip;]","og_url":"https:\/\/www.setogiid.ee\/en\/vaigokene-setomaa\/seeritse-nulk\/","og_site_name":"Setogiid","article_modified_time":"2024-10-02T12:14:39+00:00","twitter_card":"summary_large_image","twitter_misc":{"Estimated reading time":"2 minutes"},"schema":{"@context":"https:\/\/schema.org","@graph":[{"@type":"WebPage","@id":"https:\/\/www.setogiid.ee\/en\/vaigokene-setomaa\/seeritse-nulk\/","url":"https:\/\/www.setogiid.ee\/en\/vaigokene-setomaa\/seeritse-nulk\/","name":"Seeritse nulk - Setogiid","isPartOf":{"@id":"https:\/\/www.setogiid.ee\/en\/#website"},"datePublished":"2021-11-24T12:09:39+00:00","dateModified":"2024-10-02T12:14:39+00:00","breadcrumb":{"@id":"https:\/\/www.setogiid.ee\/en\/vaigokene-setomaa\/seeritse-nulk\/#breadcrumb"},"inLanguage":"en-GB","potentialAction":[{"@type":"ReadAction","target":["https:\/\/www.setogiid.ee\/en\/vaigokene-setomaa\/seeritse-nulk\/"]}]},{"@type":"BreadcrumbList","@id":"https:\/\/www.setogiid.ee\/en\/vaigokene-setomaa\/seeritse-nulk\/#breadcrumb","itemListElement":[{"@type":"ListItem","position":1,"name":"Home","item":"https:\/\/www.setogiid.ee\/en\/"},{"@type":"ListItem","position":2,"name":"V\u00e4igokene Setomaa","item":"https:\/\/www.setogiid.ee\/vaigokene-setomaa\/"},{"@type":"ListItem","position":3,"name":"Seeritse nulk"}]},{"@type":"WebSite","@id":"https:\/\/www.setogiid.ee\/en\/#website","url":"https:\/\/www.setogiid.ee\/en\/","name":"Setogiid","description":"Your Guide in Setomaa","publisher":{"@id":"https:\/\/www.setogiid.ee\/en\/#organization"},"potentialAction":[{"@type":"SearchAction","target":{"@type":"EntryPoint","urlTemplate":"https:\/\/www.setogiid.ee\/en\/?s={search_term_string}"},"query-input":{"@type":"PropertyValueSpecification","valueRequired":true,"valueName":"search_term_string"}}],"inLanguage":"en-GB"},{"@type":"Organization","@id":"https:\/\/www.setogiid.ee\/en\/#organization","name":"Setogiid","url":"https:\/\/www.setogiid.ee\/en\/","logo":{"@type":"ImageObject","inLanguage":"en-GB","@id":"https:\/\/www.setogiid.ee\/en\/#\/schema\/logo\/image\/","url":"https:\/\/setogiid.ee\/wp-content\/uploads\/2023\/12\/cropped-pisi-01.png","contentUrl":"https:\/\/setogiid.ee\/wp-content\/uploads\/2023\/12\/cropped-pisi-01.png","width":120,"height":120,"caption":"Setogiid"},"image":{"@id":"https:\/\/www.setogiid.ee\/en\/#\/schema\/logo\/image\/"}}]}},"_links":{"self":[{"href":"https:\/\/setogiid.ee\/en\/wp-json\/wp\/v2\/pages\/171","targetHints":{"allow":["GET"]}}],"collection":[{"href":"https:\/\/setogiid.ee\/en\/wp-json\/wp\/v2\/pages"}],"about":[{"href":"https:\/\/setogiid.ee\/en\/wp-json\/wp\/v2\/types\/page"}],"author":[{"embeddable":true,"href":"https:\/\/setogiid.ee\/en\/wp-json\/wp\/v2\/users\/1"}],"replies":[{"embeddable":true,"href":"https:\/\/setogiid.ee\/en\/wp-json\/wp\/v2\/comments?post=171"}],"version-history":[{"count":5,"href":"https:\/\/setogiid.ee\/en\/wp-json\/wp\/v2\/pages\/171\/revisions"}],"predecessor-version":[{"id":1420,"href":"https:\/\/setogiid.ee\/en\/wp-json\/wp\/v2\/pages\/171\/revisions\/1420"}],"up":[{"embeddable":true,"href":"https:\/\/setogiid.ee\/en\/wp-json\/wp\/v2\/pages\/34"}],"wp:attachment":[{"href":"https:\/\/setogiid.ee\/en\/wp-json\/wp\/v2\/media?parent=171"}],"curies":[{"name":"wp","href":"https:\/\/api.w.org\/{rel}","templated":true}]}}